{"id":31,"date":"2026-01-12T09:42:42","date_gmt":"2026-01-12T09:42:42","guid":{"rendered":"https:\/\/dllr.lett.ubbcluj.ro\/?page_id=31"},"modified":"2026-01-19T09:04:12","modified_gmt":"2026-01-19T09:04:12","slug":"departament","status":"publish","type":"page","link":"https:\/\/dllr.lett.ubbcluj.ro\/?page_id=31","title":{"rendered":"Departament"},"content":{"rendered":"\n<p><\/p>\n\n\n\n<h2 class=\"wp-block-heading is-style-default\"><strong>Departament<\/strong><\/h2>\n\n\n\n<div class=\"wp-block-columns are-vertically-aligned-top is-layout-flex wp-container-core-columns-is-layout-28f84493 wp-block-columns-is-layout-flex\">\n<div class=\"wp-block-column is-vertically-aligned-top is-layout-flow wp-block-column-is-layout-flow\" style=\"flex-basis:33.33%\"><nav class=\"is-responsive  is-vertical wp-block-navigation is-layout-flex wp-container-core-navigation-is-layout-fe9cc265 wp-block-navigation-is-layout-flex\" aria-label=\"roSecondaryNavigationOne\" \n\t\t data-wp-interactive=\"core\/navigation\" data-wp-context='{\"overlayOpenedBy\":{\"click\":false,\"hover\":false,\"focus\":false},\"type\":\"overlay\",\"roleAttribute\":\"\",\"ariaLabel\":\"Menu\"}'><button aria-haspopup=\"dialog\" aria-label=\"Open menu\" class=\"wp-block-navigation__responsive-container-open\" \n\t\t\t\tdata-wp-on--click=\"actions.openMenuOnClick\"\n\t\t\t\tdata-wp-on--keydown=\"actions.handleMenuKeydown\"\n\t\t\t><svg width=\"24\" height=\"24\" xmlns=\"http:\/\/www.w3.org\/2000\/svg\" viewBox=\"0 0 24 24\" aria-hidden=\"true\" focusable=\"false\"><path d=\"M4 7.5h16v1.5H4z\"><\/path><path d=\"M4 15h16v1.5H4z\"><\/path><\/svg><\/button>\n\t\t\t\t<div class=\"wp-block-navigation__responsive-container\"  id=\"modal-1\" \n\t\t\t\tdata-wp-class--has-modal-open=\"state.isMenuOpen\"\n\t\t\t\tdata-wp-class--is-menu-open=\"state.isMenuOpen\"\n\t\t\t\tdata-wp-watch=\"callbacks.initMenu\"\n\t\t\t\tdata-wp-on--keydown=\"actions.handleMenuKeydown\"\n\t\t\t\tdata-wp-on--focusout=\"actions.handleMenuFocusout\"\n\t\t\t\ttabindex=\"-1\"\n\t\t\t>\n\t\t\t\t\t<div class=\"wp-block-navigation__responsive-close\" tabindex=\"-1\">\n\t\t\t\t\t\t<div class=\"wp-block-navigation__responsive-dialog\" \n\t\t\t\tdata-wp-bind--aria-modal=\"state.ariaModal\"\n\t\t\t\tdata-wp-bind--aria-label=\"state.ariaLabel\"\n\t\t\t\tdata-wp-bind--role=\"state.roleAttribute\"\n\t\t\t>\n\t\t\t\t\t\t\t<button aria-label=\"Close menu\" class=\"wp-block-navigation__responsive-container-close\" \n\t\t\t\tdata-wp-on--click=\"actions.closeMenuOnClick\"\n\t\t\t><svg xmlns=\"http:\/\/www.w3.org\/2000\/svg\" viewBox=\"0 0 24 24\" width=\"24\" height=\"24\" aria-hidden=\"true\" focusable=\"false\"><path d=\"m13.06 12 6.47-6.47-1.06-1.06L12 10.94 5.53 4.47 4.47 5.53 10.94 12l-6.47 6.47 1.06 1.06L12 13.06l6.47 6.47 1.06-1.06L13.06 12Z\"><\/path><\/svg><\/button>\n\t\t\t\t\t\t\t<div class=\"wp-block-navigation__responsive-container-content\" \n\t\t\t\tdata-wp-watch=\"callbacks.focusFirstElement\"\n\t\t\t id=\"modal-1-content\">\n\t\t\t\t\t\t\t\t<ul class=\"wp-block-navigation__container is-responsive  is-vertical wp-block-navigation\"><li class=\" wp-block-navigation-item is-style-default wp-block-navigation-link\"><a class=\"wp-block-navigation-item__content\"  href=\"https:\/\/dllr.lett.ubbcluj.ro\/?page_id=107\"><span class=\"wp-block-navigation-item__label\">Limba Francez\u0103<\/span><\/a><\/li><li class=\" wp-block-navigation-item is-style-default wp-block-navigation-link\"><a class=\"wp-block-navigation-item__content\"  href=\"https:\/\/dllr.lett.ubbcluj.ro\/?page_id=109\"><span class=\"wp-block-navigation-item__label\">Limba Italian\u0103<\/span><\/a><\/li><li class=\" wp-block-navigation-item is-style-default wp-block-navigation-link\"><a class=\"wp-block-navigation-item__content\"  href=\"https:\/\/dllr.lett.ubbcluj.ro\/?page_id=120\"><span class=\"wp-block-navigation-item__label\">Limba Spaniol\u0103<\/span><\/a><\/li><li class=\" wp-block-navigation-item is-style-default wp-block-navigation-link\"><a class=\"wp-block-navigation-item__content\"  href=\"https:\/\/dllr.lett.ubbcluj.ro\/?page_id=111\"><span class=\"wp-block-navigation-item__label\">Limba Portughez\u0103<\/span><\/a><\/li><\/ul>\n\t\t\t\t\t\t\t<\/div>\n\t\t\t\t\t\t<\/div>\n\t\t\t\t\t<\/div>\n\t\t\t\t<\/div><\/nav><\/div>\n\n\n\n<div class=\"wp-block-column is-vertically-aligned-top is-layout-flow wp-block-column-is-layout-flow\" style=\"flex-basis:66.66%\">\n<p class=\"has-contrast-color has-text-color has-link-color wp-elements-1e0ec7f90c373406b3423a1422d26364\" style=\"font-style:normal;font-weight:400\"><a href=\"https:\/\/dllr.lett.ubbcluj.ro\/wp-content\/uploads\/2026\/01\/regulament-departament.pdf\" data-type=\"attachment\" data-id=\"364\">Departamentul de Limbi \u0219i Literaturi Romanice<\/a> coordoneaz\u0103 activitatea didactic\u0103 \u0219i de cercetare \u00een domeniul limbilor \u0219i culturilor romanice, reunind catedrele de limba \u0219i literatura francez\u0103, italian\u0103, spaniol\u0103 \u0219i portughez\u0103. Activitatea departamentului se desf\u0103\u0219oar\u0103 \u00eentr-un cadru academic care valorizeaz\u0103 at\u00e2t tradi\u021bia studiilor filologice, c\u00e2t \u0219i deschiderea c\u0103tre abord\u0103ri interdisciplinare \u0219i contemporane.<\/p>\n\n\n\n<p class=\"has-contrast-color has-text-color has-link-color wp-elements-6d00fa2041bf1c50f8c7ef294c4f60c3\" style=\"font-style:normal;font-weight:400\">Prin programele sale, departamentul urm\u0103re\u0219te formarea unor competen\u021be solide de limb\u0103, literatur\u0103 \u0219i cultur\u0103, completate de capacit\u0103\u021bi de analiz\u0103 critic\u0103, interpretare textual\u0103 \u0219i comunicare intercultural\u0103. Cadrele didactice ale departamentului sunt implicate activ \u00een cercetare \u0219tiin\u021bific\u0103, proiecte academice na\u021bionale \u0219i interna\u021bionale, precum \u0219i \u00een activit\u0103\u021bi de cooperare cu alte institu\u021bii de \u00eenv\u0103\u021b\u0103m\u00e2nt superior \u0219i centre de cercetare.<\/p>\n\n\n\n<p class=\"has-contrast-color has-text-color has-link-color wp-elements-cb968f74de05752e1cc1b44d3c463d61\" style=\"font-style:normal;font-weight:400\">Departamentul de Limbi \u0219i Literaturi Romanice sprijin\u0103 dezvoltarea profesional\u0103 a studen\u021bilor \u0219i doctoranzilor printr-o ofert\u0103 educa\u021bional\u0103 diversificat\u0103, adaptat\u0103 cerin\u021belor actuale ale mediului academic \u0219i cultural. \u00cen acela\u0219i timp, promoveaz\u0103 dialogul \u00eentre diferitele spa\u021bii culturale romanice \u0219i contribuie la consolidarea unei perspective europene \u0219i interna\u021bionale asupra studiilor umaniste.<\/p>\n<\/div>\n<\/div>\n\n\n\n<p><\/p>\n","protected":false},"excerpt":{"rendered":"<p>Departament Departamentul de Limbi \u0219i Literaturi Romanice coordoneaz\u0103 activitatea didactic\u0103 \u0219i de cercetare \u00een domeniul limbilor \u0219i culturilor romanice, reunind catedrele de limba \u0219i literatura francez\u0103, italian\u0103, spaniol\u0103 \u0219i portughez\u0103. Activitatea departamentului se desf\u0103\u0219oar\u0103 \u00eentr-un cadru academic care valorizeaz\u0103 at\u00e2t tradi\u021bia studiilor filologice, c\u00e2t \u0219i deschiderea c\u0103tre abord\u0103ri interdisciplinare \u0219i contemporane. Prin programele sale, departamentul [&hellip;]<\/p>\n","protected":false},"author":2,"featured_media":0,"parent":0,"menu_order":3,"comment_status":"closed","ping_status":"closed","template":"ro-page","meta":{"footnotes":""},"class_list":["post-31","page","type-page","status-publish","hentry"],"_links":{"self":[{"href":"https:\/\/dllr.lett.ubbcluj.ro\/index.php?rest_route=\/wp\/v2\/pages\/31","targetHints":{"allow":["GET"]}}],"collection":[{"href":"https:\/\/dllr.lett.ubbcluj.ro\/index.php?rest_route=\/wp\/v2\/pages"}],"about":[{"href":"https:\/\/dllr.lett.ubbcluj.ro\/index.php?rest_route=\/wp\/v2\/types\/page"}],"author":[{"embeddable":true,"href":"https:\/\/dllr.lett.ubbcluj.ro\/index.php?rest_route=\/wp\/v2\/users\/2"}],"replies":[{"embeddable":true,"href":"https:\/\/dllr.lett.ubbcluj.ro\/index.php?rest_route=%2Fwp%2Fv2%2Fcomments&post=31"}],"version-history":[{"count":20,"href":"https:\/\/dllr.lett.ubbcluj.ro\/index.php?rest_route=\/wp\/v2\/pages\/31\/revisions"}],"predecessor-version":[{"id":373,"href":"https:\/\/dllr.lett.ubbcluj.ro\/index.php?rest_route=\/wp\/v2\/pages\/31\/revisions\/373"}],"wp:attachment":[{"href":"https:\/\/dllr.lett.ubbcluj.ro\/index.php?rest_route=%2Fwp%2Fv2%2Fmedia&parent=31"}],"curies":[{"name":"wp","href":"https:\/\/api.w.org\/{rel}","templated":true}]}}