{"id":187,"date":"2026-01-13T12:03:28","date_gmt":"2026-01-13T12:03:28","guid":{"rendered":"https:\/\/dllr.lett.ubbcluj.ro\/?page_id=187"},"modified":"2026-01-21T11:05:49","modified_gmt":"2026-01-21T11:05:49","slug":"limba-portugheza-en-translation","status":"publish","type":"page","link":"https:\/\/dllr.lett.ubbcluj.ro\/?page_id=187&lang=en","title":{"rendered":"Portuguese"},"content":{"rendered":"\n<h2 class=\"wp-block-heading is-style-default\"><strong><strong>Portuguese Language and Literature<\/strong><\/strong><\/h2>\n\n\n\n<div class=\"wp-block-columns are-vertically-aligned-top is-layout-flex wp-container-core-columns-is-layout-28f84493 wp-block-columns-is-layout-flex\">\n<div class=\"wp-block-column is-vertically-aligned-top is-layout-flow wp-block-column-is-layout-flow\" style=\"flex-basis:33.33%\"><nav class=\"is-responsive  is-vertical wp-block-navigation is-layout-flex wp-container-core-navigation-is-layout-fe9cc265 wp-block-navigation-is-layout-flex\" aria-label=\"enSecondaryNavigationOne\" \n\t\t data-wp-interactive=\"core\/navigation\" data-wp-context='{\"overlayOpenedBy\":{\"click\":false,\"hover\":false,\"focus\":false},\"type\":\"overlay\",\"roleAttribute\":\"\",\"ariaLabel\":\"Menu\"}'><button aria-haspopup=\"dialog\" aria-label=\"Open menu\" class=\"wp-block-navigation__responsive-container-open\" \n\t\t\t\tdata-wp-on--click=\"actions.openMenuOnClick\"\n\t\t\t\tdata-wp-on--keydown=\"actions.handleMenuKeydown\"\n\t\t\t><svg width=\"24\" height=\"24\" xmlns=\"http:\/\/www.w3.org\/2000\/svg\" viewBox=\"0 0 24 24\" aria-hidden=\"true\" focusable=\"false\"><path d=\"M4 7.5h16v1.5H4z\"><\/path><path d=\"M4 15h16v1.5H4z\"><\/path><\/svg><\/button>\n\t\t\t\t<div class=\"wp-block-navigation__responsive-container\"  id=\"modal-1\" \n\t\t\t\tdata-wp-class--has-modal-open=\"state.isMenuOpen\"\n\t\t\t\tdata-wp-class--is-menu-open=\"state.isMenuOpen\"\n\t\t\t\tdata-wp-watch=\"callbacks.initMenu\"\n\t\t\t\tdata-wp-on--keydown=\"actions.handleMenuKeydown\"\n\t\t\t\tdata-wp-on--focusout=\"actions.handleMenuFocusout\"\n\t\t\t\ttabindex=\"-1\"\n\t\t\t>\n\t\t\t\t\t<div class=\"wp-block-navigation__responsive-close\" tabindex=\"-1\">\n\t\t\t\t\t\t<div class=\"wp-block-navigation__responsive-dialog\" \n\t\t\t\tdata-wp-bind--aria-modal=\"state.ariaModal\"\n\t\t\t\tdata-wp-bind--aria-label=\"state.ariaLabel\"\n\t\t\t\tdata-wp-bind--role=\"state.roleAttribute\"\n\t\t\t>\n\t\t\t\t\t\t\t<button aria-label=\"Close menu\" class=\"wp-block-navigation__responsive-container-close\" \n\t\t\t\tdata-wp-on--click=\"actions.closeMenuOnClick\"\n\t\t\t><svg xmlns=\"http:\/\/www.w3.org\/2000\/svg\" viewBox=\"0 0 24 24\" width=\"24\" height=\"24\" aria-hidden=\"true\" focusable=\"false\"><path d=\"m13.06 12 6.47-6.47-1.06-1.06L12 10.94 5.53 4.47 4.47 5.53 10.94 12l-6.47 6.47 1.06 1.06L12 13.06l6.47 6.47 1.06-1.06L13.06 12Z\"><\/path><\/svg><\/button>\n\t\t\t\t\t\t\t<div class=\"wp-block-navigation__responsive-container-content\" \n\t\t\t\tdata-wp-watch=\"callbacks.focusFirstElement\"\n\t\t\t id=\"modal-1-content\">\n\t\t\t\t\t\t\t\t<ul class=\"wp-block-navigation__container is-responsive  is-vertical wp-block-navigation\"><li class=\" wp-block-navigation-item is-style-default wp-block-navigation-link\"><a class=\"wp-block-navigation-item__content\"  href=\"https:\/\/dllr.lett.ubbcluj.ro\/?page_id=178&#038;lang=en\"><span class=\"wp-block-navigation-item__label\">French<\/span><\/a><\/li><li class=\" wp-block-navigation-item is-style-default wp-block-navigation-link\"><a class=\"wp-block-navigation-item__content\"  href=\"https:\/\/dllr.lett.ubbcluj.ro\/?page_id=181&#038;lang=en\"><span class=\"wp-block-navigation-item__label\">Italian<\/span><\/a><\/li><li class=\" wp-block-navigation-item is-style-default wp-block-navigation-link\"><a class=\"wp-block-navigation-item__content\"  href=\"https:\/\/dllr.lett.ubbcluj.ro\/?page_id=184&#038;lang=en\"><span class=\"wp-block-navigation-item__label\">Spanish<\/span><\/a><\/li><li class=\" wp-block-navigation-item is-style-default wp-block-navigation-link\"><a class=\"wp-block-navigation-item__content\"  href=\"https:\/\/dllr.lett.ubbcluj.ro\/?page_id=187&#038;lang=en\"><span class=\"wp-block-navigation-item__label\">Portuguese<\/span><\/a><\/li><\/ul>\n\t\t\t\t\t\t\t<\/div>\n\t\t\t\t\t\t<\/div>\n\t\t\t\t\t<\/div>\n\t\t\t\t<\/div><\/nav><\/div>\n\n\n\n<div class=\"wp-block-column is-vertically-aligned-top is-layout-flow wp-block-column-is-layout-flow\" style=\"flex-basis:66.66%\">\n<p class=\"has-contrast-color has-text-color has-link-color wp-elements-4aee354de0c22a4975d8813b9adc8bc5\">At Babe\u0219-Bolyai University, Portuguese has been taught as an option course since the early 1970s, with courses taught by Marian Papahagi (1972-1999) and, since 2007, by Veronica Manole, initially a fellow at the Cam\u00f5es Institute in Lisbon and later a tenured professor at the Department for Romance Languages.<\/p>\n\n\n\n<p class=\"has-contrast-color has-text-color has-link-color wp-elements-fcbea70f0977b0d7b9d4c652a6f3d7c7\">The Portuguese Language and Literature specialization, accredited in 2020, is the department&#8217;s newest bachelor&#8217;s degree program. The team brings together specialists in linguistics, Portuguese and Brazilian literature, and translation studies, who also teach practical language courses.<\/p>\n\n\n\n<p class=\"has-contrast-color has-text-color has-link-color wp-elements-4df443ce61cb13cc23ed38e726154cd5\">In 2022, following collaboration with the Cam\u00f5es Institute, a native Portuguese lecturer joined the team. This collaboration also made it possible to establish the Cam\u00f5es Portuguese Language Center (room 40 \/ room 2), which provides students with an updated bibliography and offers students in the program the opportunity to do professional internships. The library&#8217;s collection currently includes nearly 2,000 volumes on linguistics, teaching, literature, literary criticism and theory, works dedicated to Portuguese and Lusophone culture and civilization, as well as a substantial series of Portuguese language textbooks for foreigners. Two Fern\u00e3o Mendes Pinto scholarship holders, Ioana G\u00eernod and Anastasia R\u0103dac, are responsible for the management and digitised cataloguing of the book collection, under the coordination of Veronica Manole.<\/p>\n\n\n\n<p class=\"has-contrast-color has-text-color has-link-color wp-elements-08142aa38416d8f3fb0c60af9cac691e\">The program has a strong international dimension, offering students the opportunity to undertake Erasmus+ internships at universities in Portugal and Brazil. Starting in 2021, they can also participate in short-term mobility programs within the BIP <em>Ensinar Portugu\u00eas L\u00edngua N\u00e3o Materna: Cruzar Experi\u00eancias, Multiplicar Recursos \/ Teaching Portuguese as a Non-Native Language: Crossing Experiences, Multiplying Resources program<\/em>, organized annually at the University of Porto. In collaboration with teachers and specialists from Portuguese-speaking countries (Portugal, Brazil, Mozambique), conferences and lectures dedicated to the varieties of the Portuguese language and Portuguese-language literature are held periodically.<\/p>\n\n\n\n<p class=\"has-contrast-color has-text-color has-link-color wp-elements-2d9994f45d6cc051c79b909378430c95\">The teaching staff organize events to promote the Portuguese and Lusophone languages and cultures and are actively involved in the cultural life of the city, participating in Cluj Days, book launches, film screenings, and other initiatives. Recent events: <a href=\"https:\/\/portughezacluj.ro\/noutati\/\">https:\/\/portughezacluj.ro\/noutati\/<\/a><\/p>\n\n\n\n<div style=\"height:20px\" aria-hidden=\"true\" class=\"wp-block-spacer\"><\/div>\n\n\n\n<p class=\"has-contrast-color has-text-color has-link-color wp-elements-a85f52450b5624edad62b14701a5bbdc\">Members:<\/p>\n\n\n\n<p class=\"has-contrast-color has-text-color has-link-color wp-elements-4672f1fafbaaae1ac15787b2dbfc16ad\"><strong>Veronica Manole (coordinator of the Portuguese Language and Literature degree program)&nbsp;<\/strong><\/p>\n\n\n\n<p class=\"has-contrast-color has-text-color has-link-color wp-elements-b75aeb09c73e74bf05d2ce517bfdfb2a\">Areas of interest: Portuguese linguistics, translation studies, discourse analysis, Romance intercomprehension, literary translation.<\/p>\n\n\n\n<p class=\"has-contrast-color has-text-color has-link-color wp-elements-e4dba814658ee11f6a40705da95eda2b\">Email: <a href=\"mailto:veronica.manole@ubbcluj.ro\">veronica.manole@ubbcluj.ro<\/a><\/p>\n\n\n\n<p class=\"has-contrast-color has-text-color has-link-color wp-elements-51492139bc98da250d8566eb23e42544\"><a href=\"https:\/\/dllr.lett.ubbcluj.ro\/wp-content\/uploads\/2026\/01\/ManoleCV.pdf\" data-type=\"attachment\" data-id=\"297\">CV<\/a>&nbsp; <a href=\"https:\/\/dllr.lett.ubbcluj.ro\/wp-content\/uploads\/2026\/01\/ManolePub.pdf\" data-type=\"attachment\" data-id=\"298\">List of publications<\/a><\/p>\n\n\n\n<div style=\"height:20px\" aria-hidden=\"true\" class=\"wp-block-spacer\"><\/div>\n\n\n\n<p class=\"has-contrast-color has-text-color has-link-color wp-elements-7c0d4c9e7b6ad330e06413e0d54b48ec\"><strong>Cristina Petrescu&nbsp;<\/strong><\/p>\n\n\n\n<p class=\"has-contrast-color has-text-color has-link-color wp-elements-b1e2d94496d4cd56784e140ff7a20840\">Areas of interest: Portuguese literature, Brazilian literature, intersections between jazz and literature, literary translation.<\/p>\n\n\n\n<p class=\"has-contrast-color has-text-color has-link-color wp-elements-c9c88e6ede7bb2a01ed28e1ea45f438c\">Email: <a href=\"mailto:cristina.moraru@ubbcluj.ro\">cristina.moraru@ubbcluj.ro<\/a><\/p>\n\n\n\n<p class=\"has-contrast-color has-text-color has-link-color wp-elements-805124170f7c35db037a194da43fae86\"><a href=\"https:\/\/dllr.lett.ubbcluj.ro\/wp-content\/uploads\/2026\/01\/PetrescuCV.pdf\" data-type=\"attachment\" data-id=\"309\">CV<\/a>&nbsp; <a href=\"https:\/\/dllr.lett.ubbcluj.ro\/wp-content\/uploads\/2026\/01\/PetrescuPub.pdf\" data-type=\"attachment\" data-id=\"310\">List of publications<\/a><\/p>\n\n\n\n<div style=\"height:20px\" aria-hidden=\"true\" class=\"wp-block-spacer\"><\/div>\n\n\n\n<p class=\"has-contrast-color has-text-color has-link-color wp-elements-d51a97067217d6e78a7ec95657fd4b3f\"><strong>Portuguese Lecturer:<\/strong><\/p>\n\n\n\n<p class=\"has-contrast-color has-text-color has-link-color wp-elements-3c59656560008d8de11353ab224cacd7\">Areas of interest:<\/p>\n\n\n\n<p class=\"has-contrast-color has-text-color has-link-color wp-elements-2af73cb9c07e88f7bb158714c2525353\">Email:<\/p>\n\n\n\n<p class=\"has-contrast-color has-text-color has-link-color wp-elements-83eeb7d79e7fed5417072144232ba54a\">CV&nbsp; List of publications<\/p>\n<\/div>\n<\/div>\n\n\n\n<p><\/p>\n","protected":false},"excerpt":{"rendered":"<p>Portuguese Language and Literature At Babe\u0219-Bolyai University, Portuguese has been taught as an option course since the early 1970s, with courses taught by Marian Papahagi (1972-1999) and, since 2007, by Veronica Manole, initially a fellow at the Cam\u00f5es Institute in Lisbon and later a tenured professor at the Department for Romance Languages. The Portuguese Language [&hellip;]<\/p>\n","protected":false},"author":2,"featured_media":0,"parent":0,"menu_order":12,"comment_status":"closed","ping_status":"closed","template":"en-page","meta":{"footnotes":""},"class_list":["post-187","page","type-page","status-publish","hentry"],"_links":{"self":[{"href":"https:\/\/dllr.lett.ubbcluj.ro\/index.php?rest_route=\/wp\/v2\/pages\/187","targetHints":{"allow":["GET"]}}],"collection":[{"href":"https:\/\/dllr.lett.ubbcluj.ro\/index.php?rest_route=\/wp\/v2\/pages"}],"about":[{"href":"https:\/\/dllr.lett.ubbcluj.ro\/index.php?rest_route=\/wp\/v2\/types\/page"}],"author":[{"embeddable":true,"href":"https:\/\/dllr.lett.ubbcluj.ro\/index.php?rest_route=\/wp\/v2\/users\/2"}],"replies":[{"embeddable":true,"href":"https:\/\/dllr.lett.ubbcluj.ro\/index.php?rest_route=%2Fwp%2Fv2%2Fcomments&post=187"}],"version-history":[{"count":8,"href":"https:\/\/dllr.lett.ubbcluj.ro\/index.php?rest_route=\/wp\/v2\/pages\/187\/revisions"}],"predecessor-version":[{"id":400,"href":"https:\/\/dllr.lett.ubbcluj.ro\/index.php?rest_route=\/wp\/v2\/pages\/187\/revisions\/400"}],"wp:attachment":[{"href":"https:\/\/dllr.lett.ubbcluj.ro\/index.php?rest_route=%2Fwp%2Fv2%2Fmedia&parent=187"}],"curies":[{"name":"wp","href":"https:\/\/api.w.org\/{rel}","templated":true}]}}