{"id":118,"date":"2026-01-12T13:14:40","date_gmt":"2026-01-12T13:14:40","guid":{"rendered":"https:\/\/dllr.lett.ubbcluj.ro\/?page_id=118"},"modified":"2026-01-19T09:16:01","modified_gmt":"2026-01-19T09:16:01","slug":"doctorat","status":"publish","type":"page","link":"https:\/\/dllr.lett.ubbcluj.ro\/?page_id=118","title":{"rendered":"Doctorat"},"content":{"rendered":"\n<h2 class=\"wp-block-heading is-style-default\">Doctorat<\/h2>\n\n\n\n<div class=\"wp-block-columns are-vertically-aligned-top is-layout-flex wp-container-core-columns-is-layout-28f84493 wp-block-columns-is-layout-flex\">\n<div class=\"wp-block-column is-vertically-aligned-top is-layout-flow wp-block-column-is-layout-flow\" style=\"flex-basis:33.33%\"><nav class=\"is-responsive  is-vertical wp-block-navigation is-layout-flex wp-container-core-navigation-is-layout-fe9cc265 wp-block-navigation-is-layout-flex\" aria-label=\"roSecondaryNavigationTwo\" \n\t\t data-wp-interactive=\"core\/navigation\" data-wp-context='{\"overlayOpenedBy\":{\"click\":false,\"hover\":false,\"focus\":false},\"type\":\"overlay\",\"roleAttribute\":\"\",\"ariaLabel\":\"Menu\"}'><button aria-haspopup=\"dialog\" aria-label=\"Open menu\" class=\"wp-block-navigation__responsive-container-open\" \n\t\t\t\tdata-wp-on--click=\"actions.openMenuOnClick\"\n\t\t\t\tdata-wp-on--keydown=\"actions.handleMenuKeydown\"\n\t\t\t><svg width=\"24\" height=\"24\" xmlns=\"http:\/\/www.w3.org\/2000\/svg\" viewBox=\"0 0 24 24\" aria-hidden=\"true\" focusable=\"false\"><path d=\"M4 7.5h16v1.5H4z\"><\/path><path d=\"M4 15h16v1.5H4z\"><\/path><\/svg><\/button>\n\t\t\t\t<div class=\"wp-block-navigation__responsive-container\"  id=\"modal-1\" \n\t\t\t\tdata-wp-class--has-modal-open=\"state.isMenuOpen\"\n\t\t\t\tdata-wp-class--is-menu-open=\"state.isMenuOpen\"\n\t\t\t\tdata-wp-watch=\"callbacks.initMenu\"\n\t\t\t\tdata-wp-on--keydown=\"actions.handleMenuKeydown\"\n\t\t\t\tdata-wp-on--focusout=\"actions.handleMenuFocusout\"\n\t\t\t\ttabindex=\"-1\"\n\t\t\t>\n\t\t\t\t\t<div class=\"wp-block-navigation__responsive-close\" tabindex=\"-1\">\n\t\t\t\t\t\t<div class=\"wp-block-navigation__responsive-dialog\" \n\t\t\t\tdata-wp-bind--aria-modal=\"state.ariaModal\"\n\t\t\t\tdata-wp-bind--aria-label=\"state.ariaLabel\"\n\t\t\t\tdata-wp-bind--role=\"state.roleAttribute\"\n\t\t\t>\n\t\t\t\t\t\t\t<button aria-label=\"Close menu\" class=\"wp-block-navigation__responsive-container-close\" \n\t\t\t\tdata-wp-on--click=\"actions.closeMenuOnClick\"\n\t\t\t><svg xmlns=\"http:\/\/www.w3.org\/2000\/svg\" viewBox=\"0 0 24 24\" width=\"24\" height=\"24\" aria-hidden=\"true\" focusable=\"false\"><path d=\"m13.06 12 6.47-6.47-1.06-1.06L12 10.94 5.53 4.47 4.47 5.53 10.94 12l-6.47 6.47 1.06 1.06L12 13.06l6.47 6.47 1.06-1.06L13.06 12Z\"><\/path><\/svg><\/button>\n\t\t\t\t\t\t\t<div class=\"wp-block-navigation__responsive-container-content\" \n\t\t\t\tdata-wp-watch=\"callbacks.focusFirstElement\"\n\t\t\t id=\"modal-1-content\">\n\t\t\t\t\t\t\t\t<ul class=\"wp-block-navigation__container is-responsive  is-vertical wp-block-navigation\"><li class=\" wp-block-navigation-item wp-block-navigation-link\"><a class=\"wp-block-navigation-item__content\"  href=\"https:\/\/dllr.lett.ubbcluj.ro\/?page_id=114\"><span class=\"wp-block-navigation-item__label\">Licen\u021b\u0103<\/span><\/a><\/li><li class=\" wp-block-navigation-item wp-block-navigation-link\"><a class=\"wp-block-navigation-item__content\"  href=\"https:\/\/dllr.lett.ubbcluj.ro\/?page_id=116\"><span class=\"wp-block-navigation-item__label\">Master<\/span><\/a><\/li><li class=\" wp-block-navigation-item wp-block-navigation-link\"><a class=\"wp-block-navigation-item__content\"  href=\"https:\/\/dllr.lett.ubbcluj.ro\/?page_id=118\"><span class=\"wp-block-navigation-item__label\">Doctorat<\/span><\/a><\/li><\/ul>\n\t\t\t\t\t\t\t<\/div>\n\t\t\t\t\t\t<\/div>\n\t\t\t\t\t<\/div>\n\t\t\t\t<\/div><\/nav><\/div>\n\n\n\n<div class=\"wp-block-column is-vertically-aligned-top is-layout-flow wp-block-column-is-layout-flow\" style=\"flex-basis:66.66%\">\n<p class=\"has-contrast-color has-text-color has-link-color wp-elements-f9275f81bcfb2097798f3f7c14fd180b\">Conduc\u0103tori de doctorat \u00een cadrul <a href=\"https:\/\/lett.ubbcluj.ro\/scoala-doctorala-de-studii-lingvistice-si-literare\/\">\u0218colii doctorale de studii lingvistice \u0219i literare<\/a>:<\/p>\n\n\n\n<div style=\"height:30px\" aria-hidden=\"true\" class=\"wp-block-spacer\"><\/div>\n\n\n\n<p class=\"has-contrast-color has-text-color has-link-color wp-elements-1a0604eb76df2e513e4cbf9d7a85198d\"><strong>conf. univ. dr. habil. Simona Ji\u0219a<\/strong><\/p>\n\n\n\n<p class=\"has-contrast-color has-text-color has-link-color wp-elements-055498cc20be025aae0af124f71e510c\">Centre de interes\u00a0: Literatura francez\u0103 modern\u0103 \u0219i contemporan\u0103, literaturi francofone.<\/p>\n\n\n\n<div style=\"height:30px\" aria-hidden=\"true\" class=\"wp-block-spacer\"><\/div>\n\n\n\n<p class=\"has-contrast-color has-text-color has-link-color wp-elements-3b6cb5ba765204eddff6ad4730e62b31\"><strong>conf. univ. dr. habil. Cristiana Papahagi<\/strong><\/p>\n\n\n\n<p class=\"has-contrast-color has-text-color has-link-color wp-elements-b0d9e3e63ffe9743498e1a7526567f22\">Domenii de interes: (socio)lingvistic\u0103 istoric\u0103, lingvistic\u0103 romanic\u0103, semantic\u0103 gramatical\u0103, tipologie<\/p>\n<\/div>\n<\/div>\n\n\n\n<p><\/p>\n","protected":false},"excerpt":{"rendered":"<p>Doctorat Conduc\u0103tori de doctorat \u00een cadrul \u0218colii doctorale de studii lingvistice \u0219i literare: conf. univ. dr. habil. Simona Ji\u0219a Centre de interes\u00a0: Literatura francez\u0103 modern\u0103 \u0219i contemporan\u0103, literaturi francofone. conf. univ. dr. habil. Cristiana Papahagi Domenii de interes: (socio)lingvistic\u0103 istoric\u0103, lingvistic\u0103 romanic\u0103, semantic\u0103 gramatical\u0103, tipologie<\/p>\n","protected":false},"author":2,"featured_media":0,"parent":0,"menu_order":19,"comment_status":"closed","ping_status":"closed","template":"ro-page","meta":{"footnotes":""},"class_list":["post-118","page","type-page","status-publish","hentry"],"_links":{"self":[{"href":"https:\/\/dllr.lett.ubbcluj.ro\/index.php?rest_route=\/wp\/v2\/pages\/118","targetHints":{"allow":["GET"]}}],"collection":[{"href":"https:\/\/dllr.lett.ubbcluj.ro\/index.php?rest_route=\/wp\/v2\/pages"}],"about":[{"href":"https:\/\/dllr.lett.ubbcluj.ro\/index.php?rest_route=\/wp\/v2\/types\/page"}],"author":[{"embeddable":true,"href":"https:\/\/dllr.lett.ubbcluj.ro\/index.php?rest_route=\/wp\/v2\/users\/2"}],"replies":[{"embeddable":true,"href":"https:\/\/dllr.lett.ubbcluj.ro\/index.php?rest_route=%2Fwp%2Fv2%2Fcomments&post=118"}],"version-history":[{"count":4,"href":"https:\/\/dllr.lett.ubbcluj.ro\/index.php?rest_route=\/wp\/v2\/pages\/118\/revisions"}],"predecessor-version":[{"id":384,"href":"https:\/\/dllr.lett.ubbcluj.ro\/index.php?rest_route=\/wp\/v2\/pages\/118\/revisions\/384"}],"wp:attachment":[{"href":"https:\/\/dllr.lett.ubbcluj.ro\/index.php?rest_route=%2Fwp%2Fv2%2Fmedia&parent=118"}],"curies":[{"name":"wp","href":"https:\/\/api.w.org\/{rel}","templated":true}]}}