{"id":114,"date":"2026-01-12T13:14:21","date_gmt":"2026-01-12T13:14:21","guid":{"rendered":"https:\/\/dllr.lett.ubbcluj.ro\/?page_id=114"},"modified":"2026-01-19T09:33:02","modified_gmt":"2026-01-19T09:33:02","slug":"licenta","status":"publish","type":"page","link":"https:\/\/dllr.lett.ubbcluj.ro\/?page_id=114","title":{"rendered":"Licen\u021b\u0103"},"content":{"rendered":"\n<h2 class=\"wp-block-heading is-style-default\">Licen\u021b\u0103<\/h2>\n\n\n\n<p><\/p>\n\n\n\n<div class=\"wp-block-columns are-vertically-aligned-top is-layout-flex wp-container-core-columns-is-layout-28f84493 wp-block-columns-is-layout-flex\">\n<div class=\"wp-block-column is-vertically-aligned-top is-layout-flow wp-block-column-is-layout-flow\" style=\"flex-basis:33.33%\"><nav class=\"is-responsive  is-vertical wp-block-navigation is-layout-flex wp-container-core-navigation-is-layout-fe9cc265 wp-block-navigation-is-layout-flex\" aria-label=\"roSecondaryNavigationTwo\" \n\t\t data-wp-interactive=\"core\/navigation\" data-wp-context='{\"overlayOpenedBy\":{\"click\":false,\"hover\":false,\"focus\":false},\"type\":\"overlay\",\"roleAttribute\":\"\",\"ariaLabel\":\"Menu\"}'><button aria-haspopup=\"dialog\" aria-label=\"Open menu\" class=\"wp-block-navigation__responsive-container-open\" \n\t\t\t\tdata-wp-on--click=\"actions.openMenuOnClick\"\n\t\t\t\tdata-wp-on--keydown=\"actions.handleMenuKeydown\"\n\t\t\t><svg width=\"24\" height=\"24\" xmlns=\"http:\/\/www.w3.org\/2000\/svg\" viewBox=\"0 0 24 24\" aria-hidden=\"true\" focusable=\"false\"><path d=\"M4 7.5h16v1.5H4z\"><\/path><path d=\"M4 15h16v1.5H4z\"><\/path><\/svg><\/button>\n\t\t\t\t<div class=\"wp-block-navigation__responsive-container\"  id=\"modal-1\" \n\t\t\t\tdata-wp-class--has-modal-open=\"state.isMenuOpen\"\n\t\t\t\tdata-wp-class--is-menu-open=\"state.isMenuOpen\"\n\t\t\t\tdata-wp-watch=\"callbacks.initMenu\"\n\t\t\t\tdata-wp-on--keydown=\"actions.handleMenuKeydown\"\n\t\t\t\tdata-wp-on--focusout=\"actions.handleMenuFocusout\"\n\t\t\t\ttabindex=\"-1\"\n\t\t\t>\n\t\t\t\t\t<div class=\"wp-block-navigation__responsive-close\" tabindex=\"-1\">\n\t\t\t\t\t\t<div class=\"wp-block-navigation__responsive-dialog\" \n\t\t\t\tdata-wp-bind--aria-modal=\"state.ariaModal\"\n\t\t\t\tdata-wp-bind--aria-label=\"state.ariaLabel\"\n\t\t\t\tdata-wp-bind--role=\"state.roleAttribute\"\n\t\t\t>\n\t\t\t\t\t\t\t<button aria-label=\"Close menu\" class=\"wp-block-navigation__responsive-container-close\" \n\t\t\t\tdata-wp-on--click=\"actions.closeMenuOnClick\"\n\t\t\t><svg xmlns=\"http:\/\/www.w3.org\/2000\/svg\" viewBox=\"0 0 24 24\" width=\"24\" height=\"24\" aria-hidden=\"true\" focusable=\"false\"><path d=\"m13.06 12 6.47-6.47-1.06-1.06L12 10.94 5.53 4.47 4.47 5.53 10.94 12l-6.47 6.47 1.06 1.06L12 13.06l6.47 6.47 1.06-1.06L13.06 12Z\"><\/path><\/svg><\/button>\n\t\t\t\t\t\t\t<div class=\"wp-block-navigation__responsive-container-content\" \n\t\t\t\tdata-wp-watch=\"callbacks.focusFirstElement\"\n\t\t\t id=\"modal-1-content\">\n\t\t\t\t\t\t\t\t<ul class=\"wp-block-navigation__container is-responsive  is-vertical wp-block-navigation\"><li class=\" wp-block-navigation-item wp-block-navigation-link\"><a class=\"wp-block-navigation-item__content\"  href=\"https:\/\/dllr.lett.ubbcluj.ro\/?page_id=114\"><span class=\"wp-block-navigation-item__label\">Licen\u021b\u0103<\/span><\/a><\/li><li class=\" wp-block-navigation-item wp-block-navigation-link\"><a class=\"wp-block-navigation-item__content\"  href=\"https:\/\/dllr.lett.ubbcluj.ro\/?page_id=116\"><span class=\"wp-block-navigation-item__label\">Master<\/span><\/a><\/li><li class=\" wp-block-navigation-item wp-block-navigation-link\"><a class=\"wp-block-navigation-item__content\"  href=\"https:\/\/dllr.lett.ubbcluj.ro\/?page_id=118\"><span class=\"wp-block-navigation-item__label\">Doctorat<\/span><\/a><\/li><\/ul>\n\t\t\t\t\t\t\t<\/div>\n\t\t\t\t\t\t<\/div>\n\t\t\t\t\t<\/div>\n\t\t\t\t<\/div><\/nav><\/div>\n\n\n\n<div class=\"wp-block-column is-vertically-aligned-top is-layout-flow wp-block-column-is-layout-flow\" style=\"flex-basis:66.66%\">\n<p class=\"has-contrast-color has-text-color has-link-color wp-elements-3428ce05cbeb6f4f63b1c346fb1a9603\"><strong>Limba \u0219i literatura francez\u0103<\/strong><\/p>\n\n\n\n<p class=\"has-contrast-color has-text-color has-link-color wp-elements-1602b0f9dca45501b1450cd9d98e443a\"><a href=\"https:\/\/lett.ubbcluj.ro\/curricula-licenta\/curricula-2025-2028\/\">Programul de licen\u021b\u0103<\/a> este oferit ca specialitate principal\u0103 (A) sau secundar\u0103 (B), pentru absolven\u021bi de liceu cu nivel lingvistic \u00eencep\u0103tor, intermediar sau avansat. Pentru studen\u021bii cu nivel \u00eencep\u0103tor se ofer\u0103 gratuit 4 ore de preg\u0103tire suplimentar\u0103 pe s\u0103pt\u0103m\u00e2n\u0103 de-a lungul primului an. Programul include cursuri, seminarii \u0219i lucr\u0103ri practice \u00een domeniile lingvisticii \u0219i literaturii franceze, iar din semestrul 4 \u0219i cursuri op\u021bionale (de traducere, stilistic\u0103, studii literare transversale, etc.). Studen\u021bii au posibilitatea de a petrece un semestru sau un an \u00eentr-una din numeroasele universit\u0103\u021bi franceze partenere Erasmus+, \u0219i de a participa la numeroase evenimente culturale (juriul literar Goncourt, concursuri de traducere, etc.).<\/p>\n\n\n\n<p class=\"has-contrast-color has-text-color has-link-color wp-elements-e04966abc776177a549495919651dfe5\">Licen\u021ba de limba \u0219i literatura francez\u0103 deschide numeroase cariere, deoarece Fran\u021ba este unul dintre cei mai mari investitori str\u0103ini \u00een Rom\u00e2nia, iar cultura francofon\u0103 este omniprezent\u0103 \u00een \u021bara noastr\u0103; franceza este de asemeni a doua cea mai predat\u0103 limb\u0103 str\u0103in\u0103 \u00een sistemul rom\u00e2n de \u00eenv\u0103\u021b\u0103m\u00e2nt. Absolven\u021bii sunt preg\u0103ti\u021bi pentru domenii profesionale variate, pe care le pot explora \u00een anul II \u00een cadrul stagiului de practic\u0103 profesional\u0103 \u0219i\/sau pedagogic\u0103: predarea limbii franceze, traducere \u0219i editare literar\u0103, mediere cultural\u0103, critic\u0103 literar\u0103, comunicare profesional\u0103, etc. Absolven\u021bii \u00ee\u0219i pot spori competen\u021bele prin studii masterale, \u00een programele Literatur\u0103 \u0219i civiliza\u021bie \u2013 <a href=\"https:\/\/dllr.lett.ubbcluj.ro\/?page_id=116\" data-type=\"link\" data-id=\"https:\/\/dllr.lett.ubbcluj.ro\/?page_id=116\">Dialog intercultural \u00een spa\u021biul francofon<\/a>, <a href=\"https:\/\/dllr.lett.ubbcluj.ro\/?page_id=116\" data-type=\"link\" data-id=\"https:\/\/dllr.lett.ubbcluj.ro\/?page_id=116\">Comunicare multilingv\u0103 \u0219i multicultural\u0103<\/a> sau <a href=\"https:\/\/dllr.lett.ubbcluj.ro\/?page_id=116\" data-type=\"link\" data-id=\"https:\/\/dllr.lett.ubbcluj.ro\/?page_id=116\">Direc\u021bii actuale \u00een lingvistic\u0103<\/a>.<\/p>\n\n\n\n<p class=\"has-contrast-color has-text-color has-link-color wp-elements-f7adfe981587155647d0b4fda4c612bb\"><strong>Limba \u0219i literatura italian\u0103<\/strong><\/p>\n\n\n\n<p class=\"has-contrast-color has-text-color has-link-color wp-elements-9de7a8022003d01faaaae4bd28cf199b\"><a href=\"https:\/\/lett.ubbcluj.ro\/curricula-licenta\/curricula-2025-2028\/\" data-type=\"link\" data-id=\"https:\/\/lett.ubbcluj.ro\/curricula-licenta\/curricula-2025-2028\/\">Programul de licen\u021b\u0103<\/a>&nbsp;este oferit ca specialitate principal\u0103 (A) sau secundar\u0103 (B), pentru absolven\u021bi de liceu cu nivel lingvistic \u00eencep\u0103tor, intermediar sau avansat. Pentru studen\u021bii cu nivel \u00eencep\u0103tor se ofer\u0103 gratuit 4 ore de preg\u0103tire suplimentar\u0103 pe s\u0103pt\u0103m\u00e2n\u0103 de-a lungul primului an.<\/p>\n\n\n\n<p class=\"has-contrast-color has-text-color has-link-color wp-elements-0a5f5705f93e2e5019d45075ef2f3a99\"><a href=\"https:\/\/lett.ubbcluj.ro\/curricula-licenta\/curricula-2025-2028\/\">Specializarea<\/a> deschide por\u021bile c\u0103tre universul rafinat al culturii italiene, oferind o formare complex\u0103 \u00een limb\u0103, literatur\u0103, civiliza\u021bie \u0219i art\u0103. Studen\u021bii beneficiaz\u0103 de cursuri sus\u021binute de profesorii titulari, de profesori str\u0103ini invita\u021bi \u0219i de lectorul italian, de programe de burse la universit\u0103\u021bi de renume din Italia \u0219i de stagii profesionale \u00een institu\u021bii culturale, artistice \u0219i educa\u021bionale. Programul dezvolt\u0103 competen\u021be lingvistice avansate \u0219i o g\u00e2ndire critic\u0103 \u0219i creativ\u0103, preg\u0103tind absolven\u021bi pentru cariere \u00een \u00eenv\u0103\u021b\u0103m\u00e2nt, traducere, cercetare, comunicare, editare, consultan\u021b\u0103 cultural\u0103 \u0219i media.<\/p>\n\n\n\n<p class=\"has-contrast-color has-text-color has-link-color wp-elements-844d3846265d42965f6060a025b369ec\">Experien\u021ba academic\u0103 este completat\u0103 de o bogat\u0103 via\u021b\u0103 extra-curricular\u0103: cercuri \u0219i concursuri de traducere, colabor\u0103ri cu reviste culturale, vizion\u0103ri de filme \u0219i spectacole organizate de Institutul Italian de Cultur\u0103 din Bucure\u0219ti \u0219i Centrul Cultural Italian, activit\u0103\u021bi teatrale \u0219i particip\u0103ri la evenimente culturale majore.<\/p>\n\n\n\n<p class=\"has-contrast-color has-text-color has-link-color wp-elements-9fa3eefcb9bd801017f935cecf68d5fa\">Aceast\u0103 specializare reprezint\u0103 o alegere pentru spiritul liber \u0219i cultivat, pentru cei care doresc s\u0103 transforme pasiunea pentru limba italian\u0103 \u00eentr-o voca\u021bie intelectual\u0103 \u0219i profesional\u0103 autentic\u0103.<\/p>\n\n\n\n<p>Studen\u021bii au posibilitatea de a petrece un semestru sau un an \u00eentr-una din numeroasele universit\u0103\u021bi italiene partenere Erasmus+.<\/p>\n\n\n\n<p class=\"has-contrast-color has-text-color has-link-color wp-elements-8b0d882c4d74acf87c19ad8828fca299\"><strong>Limba \u0219i literatura spaniol\u0103<\/strong><\/p>\n\n\n\n<p class=\"has-contrast-color has-text-color has-link-color wp-elements-5419394e0395026deb713423ed9e810f\"><a href=\"https:\/\/lett.ubbcluj.ro\/curricula-licenta\/curricula-2025-2028\/\">Programul<\/a> de licen\u021b\u0103 limba \u0219i literatura spaniol\u0103 ofer\u0103 studiul limbii spaniole, cea mai vorbit\u0103 limb\u0103 romanic\u0103, at\u00e2t \u00een regim de specializare A, c\u00e2t \u0219i B. Programul este deschis absolven\u021bilor de liceu cu nivel lingvistic \u00eencep\u0103tor, intermediar sau avansat. Pentru studen\u021bii cu nivel \u00eencep\u0103tor se ofer\u0103 gratuit 4 ore de preg\u0103tire suplimentar\u0103 pe s\u0103pt\u0103m\u00e2n\u0103 de-a lungul primului an.<\/p>\n\n\n\n<p class=\"has-contrast-color has-text-color has-link-color wp-elements-a4ff39af478bfdfdd03c6d21038b6272\">Programul preg\u0103te\u0219te studen\u021bii nu doar pentru cariera didactic\u0103 \u00een \u00eenv\u0103\u021b\u0103m\u00e2ntul preuniversitar \u0219i universitar, ci \u0219i pentru a fi traduc\u0103tori, cercet\u0103tori, redactori, speciali\u0219ti \u00een comunicare, secretari, documentari\u0219ti, mediatori culturali, editori, consultan\u021bi lingvistici.<\/p>\n\n\n\n<p class=\"has-contrast-color has-text-color has-link-color wp-elements-1bfdb0e12d6f0027e6d1bfbf19be429d\">Disciplinele studiate cuprind cursuri de limb\u0103, cultur\u0103 \u0219i literatur\u0103 spaniol\u0103 \u0219i latinoamerican\u0103.<\/p>\n\n\n\n<p class=\"has-contrast-color has-text-color has-link-color wp-elements-3548b54377a4bd830235c9fc12def416\">Lectorul spaniol este implicat al\u0103turi de ceilal\u021bi membrii ai sec\u021biei de spaniol\u0103, \u00een urm\u0103toarele activit\u0103\u021bi extra-curriculare: organizarea Festivalului de colinde de Cr\u0103ciun \u00een limbile romanice, concurs de scurtmetraje, concurs de traduceri literare din spaniol\u0103 \u00een rom\u00e2n\u0103, proiec\u021bie de filme spaniole.<\/p>\n\n\n\n<p>Studen\u021bii au posibilitatea de a petrece un semestru sau un an \u00eentr-una din numeroasele universit\u0103\u021bi spaniole partenere Erasmus+.<\/p>\n\n\n\n<p class=\"has-contrast-color has-text-color has-link-color wp-elements-d3098f0b48311341831682261c879340\"><strong>Limba \u0219i literatura portughez\u0103<\/strong><\/p>\n\n\n\n<p class=\"has-contrast-color has-text-color has-link-color wp-elements-e21f85c51d949e0f3c757bc416f71c89\">Portugheza este una dintre cele mai r\u0103sp\u00e2ndite limbi ale lumii, vorbit\u0103 de peste 250 de milioane de persoane \u00een cele nou\u0103 state care o au ca limb\u0103 oficial\u0103: Portugalia, Brazilia, Mozambic, Angola, Capul Verde, S\u00e3o Tom\u00e9 \u0219i Pr\u00edncipe, Guinea-Bissau, Guinea Ecuatorial\u0103 \u0219i Timorul de Est. De asemenea, e limb\u0103 de lucru \u00een numeroase institu\u021bii \u0219i organiza\u021bii interna\u021bionale, precum Parlamentul European, Comisia European\u0103, Curtea European\u0103 de Justi\u021bie \u0219i Uniunea African\u0103. Totodat\u0103, portugheza constituie o limb\u0103 de mare prestigiu cultural, datorit\u0103 unor autori portughezi sau de expresie portughez\u0103 \u2013 Jos\u00e9 Saramago, Fernando Pessoa, Jorge Amado, Mia Couto, Jos\u00e9 Eduardo Agualusa \u2013, ale c\u0103ror opere se bucur\u0103 de recunoa\u0219tere global\u0103.<\/p>\n\n\n\n<p class=\"has-contrast-color has-text-color has-link-color wp-elements-dc6d9f5fe9133278d6c18650f572d35d\"><a href=\"https:\/\/lett.ubbcluj.ro\/curricula-licenta\/curricula-2025-2028\/\">Programul<\/a> de licen\u021b\u0103 limba \u0219i literatura portughez\u0103 A formeaz\u0103 speciali\u0219ti capabili s\u0103 se integreze \u00een medii profesionale \u0219i culturale interna\u021bionale, prin dob\u00e2ndirea unor cuno\u0219tin\u021be avansate de limb\u0103 portughez\u0103, culturi \u0219i literaturi lusofone. Programul are o component\u0103 puternic\u0103 de studii lingvistice \u0219i literare, care permite studen\u021bilor s\u0103 intre \u00een contact cu variet\u0103\u021bi diferite ale limbii, \u00eendeosebi cu portugheza european\u0103 \u0219i cea brazilian\u0103. De asemenea, sunt studiate limbaje specializate, precum portugheza juridic\u0103 \u0219i portugheza economic\u0103, instrumente necesare pentru cariere \u00een mediul de afaceri interna\u021bional sau \u00een domeniul traducerilor.<\/p>\n\n\n\n<p class=\"has-contrast-color has-text-color has-link-color wp-elements-adec11fe62ace3c91cb209b5ec3428de\"><strong>Parteneri interna\u021bionali:<\/strong><\/p>\n\n\n\n<p class=\"has-contrast-color has-text-color has-link-color wp-elements-dfef3fd8f26c9f48dcebbdb38d6069be\"><a href=\"https:\/\/www.instituto-camoes.pt\/en\/\">Institutul Cam\u00f5es din Lisabona<\/a> sus\u021bine un post de lector nativ la UBB \u0219i sprijin\u0103 activ Centrul de Limba Portughez\u0103 prin actualizarea permanent\u0103 a fondului de carte \u0219i organizarea de evenimente culturale.<\/p>\n\n\n\n<p class=\"has-contrast-color has-text-color has-link-color wp-elements-be6da6303101c4abca22016ca20eee58\">Parteneri Erasmus+: Universitatea din Porto, Universitatea din Coimbra, Universitatea din Lisabona, Universitatea din Minho, Universitatea Catolic\u0103 Portughez\u0103, Universitatea din Madeira, Universitatea din A\u00e7ores, Universitatea din Aveiro, Universitatea Aberta, Universitatea Federal\u0103 din Paran\u00e1 (Brazilia)<\/p>\n<\/div>\n<\/div>\n\n\n\n<p><\/p>\n","protected":false},"excerpt":{"rendered":"<p>Licen\u021b\u0103 Limba \u0219i literatura francez\u0103 Programul de licen\u021b\u0103 este oferit ca specialitate principal\u0103 (A) sau secundar\u0103 (B), pentru absolven\u021bi de liceu cu nivel lingvistic \u00eencep\u0103tor, intermediar sau avansat. Pentru studen\u021bii cu nivel \u00eencep\u0103tor se ofer\u0103 gratuit 4 ore de preg\u0103tire suplimentar\u0103 pe s\u0103pt\u0103m\u00e2n\u0103 de-a lungul primului an. Programul include cursuri, seminarii \u0219i lucr\u0103ri practice \u00een [&hellip;]<\/p>\n","protected":false},"author":2,"featured_media":0,"parent":0,"menu_order":16,"comment_status":"closed","ping_status":"closed","template":"ro-page","meta":{"footnotes":""},"class_list":["post-114","page","type-page","status-publish","hentry"],"_links":{"self":[{"href":"https:\/\/dllr.lett.ubbcluj.ro\/index.php?rest_route=\/wp\/v2\/pages\/114","targetHints":{"allow":["GET"]}}],"collection":[{"href":"https:\/\/dllr.lett.ubbcluj.ro\/index.php?rest_route=\/wp\/v2\/pages"}],"about":[{"href":"https:\/\/dllr.lett.ubbcluj.ro\/index.php?rest_route=\/wp\/v2\/types\/page"}],"author":[{"embeddable":true,"href":"https:\/\/dllr.lett.ubbcluj.ro\/index.php?rest_route=\/wp\/v2\/users\/2"}],"replies":[{"embeddable":true,"href":"https:\/\/dllr.lett.ubbcluj.ro\/index.php?rest_route=%2Fwp%2Fv2%2Fcomments&post=114"}],"version-history":[{"count":8,"href":"https:\/\/dllr.lett.ubbcluj.ro\/index.php?rest_route=\/wp\/v2\/pages\/114\/revisions"}],"predecessor-version":[{"id":395,"href":"https:\/\/dllr.lett.ubbcluj.ro\/index.php?rest_route=\/wp\/v2\/pages\/114\/revisions\/395"}],"wp:attachment":[{"href":"https:\/\/dllr.lett.ubbcluj.ro\/index.php?rest_route=%2Fwp%2Fv2%2Fmedia&parent=114"}],"curies":[{"name":"wp","href":"https:\/\/api.w.org\/{rel}","templated":true}]}}