{"id":11,"date":"2026-01-12T09:12:30","date_gmt":"2026-01-12T09:12:30","guid":{"rendered":"https:\/\/dllr.lett.ubbcluj.ro\/?page_id=11"},"modified":"2026-01-13T15:56:08","modified_gmt":"2026-01-13T15:56:08","slug":"homepage","status":"publish","type":"page","link":"https:\/\/dllr.lett.ubbcluj.ro\/","title":{"rendered":""},"content":{"rendered":"\n<figure class=\"wp-block-image alignwide size-full is-style-rounded is-style-rounded--1\"><img loading=\"lazy\" decoding=\"async\" width=\"1920\" height=\"1080\" src=\"https:\/\/dllr.lett.ubbcluj.ro\/wp-content\/uploads\/2026\/01\/hero-godess-1.png\" alt=\"\" class=\"wp-image-138\" srcset=\"https:\/\/dllr.lett.ubbcluj.ro\/wp-content\/uploads\/2026\/01\/hero-godess-1.png 1920w, https:\/\/dllr.lett.ubbcluj.ro\/wp-content\/uploads\/2026\/01\/hero-godess-1-300x169.png 300w, https:\/\/dllr.lett.ubbcluj.ro\/wp-content\/uploads\/2026\/01\/hero-godess-1-1024x576.png 1024w, https:\/\/dllr.lett.ubbcluj.ro\/wp-content\/uploads\/2026\/01\/hero-godess-1-768x432.png 768w, https:\/\/dllr.lett.ubbcluj.ro\/wp-content\/uploads\/2026\/01\/hero-godess-1-1536x864.png 1536w\" sizes=\"auto, (max-width: 1920px) 100vw, 1920px\" \/><\/figure>\n\n\n\n<div class=\"wp-block-group alignfull has-global-padding is-layout-constrained wp-container-core-group-is-layout-daa29608 wp-block-group-is-layout-constrained\" style=\"margin-top:0;margin-bottom:0;padding-top:var(--wp--preset--spacing--50);padding-right:var(--wp--preset--spacing--50);padding-bottom:var(--wp--preset--spacing--50);padding-left:var(--wp--preset--spacing--50)\">\n<h1 class=\"wp-block-heading has-text-align-center has-x-large-font-size\">Departamentul de Limbi \u0219i Literaturi Romanice, creat \u00een anul 2010, reune\u0219te catedrele de limba francez\u0103, limba italian\u0103, limba spaniol\u0103 \u0219i, din 2020, \u0219i limba portughez\u0103.<\/h1>\n<\/div>\n\n\n\n<div class=\"wp-block-group has-global-padding is-layout-constrained wp-block-group-is-layout-constrained\">\n<p class=\"has-contrast-color has-text-color has-link-color wp-elements-60bf8c67e2b6a9a3c02661d382b116e1\"><\/p>\n\n\n\n<p class=\"has-contrast-color has-text-color has-link-color wp-elements-ff86ef25f5960f7cf75e691f47062067\">DLLR gestioneaz\u0103 programele de licen\u021b\u0103 aferente celor patru limbi romanice, programul de masterat Literatur\u0103 \u015fi civiliza\u0163ie \u2013 Dialog intercultural \u00een spa\u0163iul francofon (LCDI), programul de masterat comunicare multilingv\u0103 \u0219i multicultural\u0103 \u00een limbile francez\u0103, italian\u0103, spaniol\u0103 (CMM) \u0219i colaboreaz\u0103 la programul de masterat Direc\u021bii actuale \u00een lingvistic\u0103 (DAL).<\/p>\n\n\n\n<p class=\"has-contrast-color has-text-color has-link-color wp-elements-aa3dea55a2499095af0790181e81dcde\">DLLR face parte din 2017 din <a href=\"https:\/\/www.muni.cz\/en\/research\/projects\/74333\">re\u021beaua FISH<\/a> (French-Italian-SpanisH, Romance Languages and Cultures &#8211; Strategies of Communication and Culture Transfer in Central Europe) a CEEPUS, \u00een cadrul c\u0103reia au loc mobilit\u0103\u021bi didactice \u0219i studen\u021be\u0219ti \u0219i \u0219coli de var\u0103.<\/p>\n\n\n\n<p class=\"has-contrast-color has-text-color has-link-color wp-elements-8a6fa6b92750479b8c3a47ae1ed46287\">DLLR organizeaz\u0103 o dat\u0103 la doi ani conferin\u021ba interna\u021bional\u0103 de limbi \u0219i literaturi romanice <a href=\"https:\/\/romaniacontexta.conference.ubbcluj.ro\/\"><em>Romania Contexta<\/em><\/a>.<\/p>\n\n\n\n<p class=\"has-contrast-color has-text-color has-link-color wp-elements-70d6e5c96940fbe750710d01b3acc229\">Evenimente \u0219i anun\u021buri g\u0103si\u021bi pe pagina noastr\u0103 Facebook: <a href=\"https:\/\/web.facebook.com\/DLLRCluj\/?locale=ro_RO&amp;_rdc=1&amp;_rdr\">DLLR<\/a><\/p>\n\n\n\n<p class=\"has-contrast-color has-text-color has-link-color wp-elements-23d4093171c2ef87248794329aced035\">Director Departamentul de Limbi \u0219i Literaturi Romanice: conf. univ. dr. habil. Cristiana Papahagi<\/p>\n<\/div>\n","protected":false},"excerpt":{"rendered":"<p>Departamentul de Limbi \u0219i Literaturi Romanice, creat \u00een anul 2010, reune\u0219te catedrele de limba francez\u0103, limba italian\u0103, limba spaniol\u0103 \u0219i, din 2020, \u0219i limba portughez\u0103. DLLR gestioneaz\u0103 programele de licen\u021b\u0103 aferente celor patru limbi romanice, programul de masterat Literatur\u0103 \u015fi civiliza\u0163ie \u2013 Dialog intercultural \u00een spa\u0163iul francofon (LCDI), programul de masterat comunicare multilingv\u0103 \u0219i multicultural\u0103 [&hellip;]<\/p>\n","protected":false},"author":2,"featured_media":0,"parent":0,"menu_order":1,"comment_status":"closed","ping_status":"closed","template":"ro-page","meta":{"footnotes":""},"class_list":["post-11","page","type-page","status-publish","hentry"],"_links":{"self":[{"href":"https:\/\/dllr.lett.ubbcluj.ro\/index.php?rest_route=\/wp\/v2\/pages\/11","targetHints":{"allow":["GET"]}}],"collection":[{"href":"https:\/\/dllr.lett.ubbcluj.ro\/index.php?rest_route=\/wp\/v2\/pages"}],"about":[{"href":"https:\/\/dllr.lett.ubbcluj.ro\/index.php?rest_route=\/wp\/v2\/types\/page"}],"author":[{"embeddable":true,"href":"https:\/\/dllr.lett.ubbcluj.ro\/index.php?rest_route=\/wp\/v2\/users\/2"}],"replies":[{"embeddable":true,"href":"https:\/\/dllr.lett.ubbcluj.ro\/index.php?rest_route=%2Fwp%2Fv2%2Fcomments&post=11"}],"version-history":[{"count":17,"href":"https:\/\/dllr.lett.ubbcluj.ro\/index.php?rest_route=\/wp\/v2\/pages\/11\/revisions"}],"predecessor-version":[{"id":139,"href":"https:\/\/dllr.lett.ubbcluj.ro\/index.php?rest_route=\/wp\/v2\/pages\/11\/revisions\/139"}],"wp:attachment":[{"href":"https:\/\/dllr.lett.ubbcluj.ro\/index.php?rest_route=%2Fwp%2Fv2%2Fmedia&parent=11"}],"curies":[{"name":"wp","href":"https:\/\/api.w.org\/{rel}","templated":true}]}}