{"id":109,"date":"2026-01-12T13:11:43","date_gmt":"2026-01-12T13:11:43","guid":{"rendered":"https:\/\/dllr.lett.ubbcluj.ro\/?page_id=109"},"modified":"2026-01-19T09:07:51","modified_gmt":"2026-01-19T09:07:51","slug":"limba-italiana","status":"publish","type":"page","link":"https:\/\/dllr.lett.ubbcluj.ro\/?page_id=109","title":{"rendered":"Limba Italiana"},"content":{"rendered":"\n<h2 class=\"wp-block-heading is-style-default\"><strong>&nbsp;Limba \u0219i literatura italian\u0103<\/strong><\/h2>\n\n\n\n<div class=\"wp-block-columns are-vertically-aligned-top is-layout-flex wp-container-core-columns-is-layout-28f84493 wp-block-columns-is-layout-flex\">\n<div class=\"wp-block-column is-vertically-aligned-top is-layout-flow wp-block-column-is-layout-flow\" style=\"flex-basis:33.33%\"><nav class=\"is-responsive  is-vertical wp-block-navigation is-layout-flex wp-container-core-navigation-is-layout-fe9cc265 wp-block-navigation-is-layout-flex\" aria-label=\"roSecondaryNavigationOne\" \n\t\t data-wp-interactive=\"core\/navigation\" data-wp-context='{\"overlayOpenedBy\":{\"click\":false,\"hover\":false,\"focus\":false},\"type\":\"overlay\",\"roleAttribute\":\"\",\"ariaLabel\":\"Menu\"}'><button aria-haspopup=\"dialog\" aria-label=\"Open menu\" class=\"wp-block-navigation__responsive-container-open\" \n\t\t\t\tdata-wp-on--click=\"actions.openMenuOnClick\"\n\t\t\t\tdata-wp-on--keydown=\"actions.handleMenuKeydown\"\n\t\t\t><svg width=\"24\" height=\"24\" xmlns=\"http:\/\/www.w3.org\/2000\/svg\" viewBox=\"0 0 24 24\" aria-hidden=\"true\" focusable=\"false\"><path d=\"M4 7.5h16v1.5H4z\"><\/path><path d=\"M4 15h16v1.5H4z\"><\/path><\/svg><\/button>\n\t\t\t\t<div class=\"wp-block-navigation__responsive-container\"  id=\"modal-1\" \n\t\t\t\tdata-wp-class--has-modal-open=\"state.isMenuOpen\"\n\t\t\t\tdata-wp-class--is-menu-open=\"state.isMenuOpen\"\n\t\t\t\tdata-wp-watch=\"callbacks.initMenu\"\n\t\t\t\tdata-wp-on--keydown=\"actions.handleMenuKeydown\"\n\t\t\t\tdata-wp-on--focusout=\"actions.handleMenuFocusout\"\n\t\t\t\ttabindex=\"-1\"\n\t\t\t>\n\t\t\t\t\t<div class=\"wp-block-navigation__responsive-close\" tabindex=\"-1\">\n\t\t\t\t\t\t<div class=\"wp-block-navigation__responsive-dialog\" \n\t\t\t\tdata-wp-bind--aria-modal=\"state.ariaModal\"\n\t\t\t\tdata-wp-bind--aria-label=\"state.ariaLabel\"\n\t\t\t\tdata-wp-bind--role=\"state.roleAttribute\"\n\t\t\t>\n\t\t\t\t\t\t\t<button aria-label=\"Close menu\" class=\"wp-block-navigation__responsive-container-close\" \n\t\t\t\tdata-wp-on--click=\"actions.closeMenuOnClick\"\n\t\t\t><svg xmlns=\"http:\/\/www.w3.org\/2000\/svg\" viewBox=\"0 0 24 24\" width=\"24\" height=\"24\" aria-hidden=\"true\" focusable=\"false\"><path d=\"m13.06 12 6.47-6.47-1.06-1.06L12 10.94 5.53 4.47 4.47 5.53 10.94 12l-6.47 6.47 1.06 1.06L12 13.06l6.47 6.47 1.06-1.06L13.06 12Z\"><\/path><\/svg><\/button>\n\t\t\t\t\t\t\t<div class=\"wp-block-navigation__responsive-container-content\" \n\t\t\t\tdata-wp-watch=\"callbacks.focusFirstElement\"\n\t\t\t id=\"modal-1-content\">\n\t\t\t\t\t\t\t\t<ul class=\"wp-block-navigation__container is-responsive  is-vertical wp-block-navigation\"><li class=\" wp-block-navigation-item is-style-default wp-block-navigation-link\"><a class=\"wp-block-navigation-item__content\"  href=\"https:\/\/dllr.lett.ubbcluj.ro\/?page_id=107\"><span class=\"wp-block-navigation-item__label\">Limba Francez\u0103<\/span><\/a><\/li><li class=\" wp-block-navigation-item is-style-default wp-block-navigation-link\"><a class=\"wp-block-navigation-item__content\"  href=\"https:\/\/dllr.lett.ubbcluj.ro\/?page_id=109\"><span class=\"wp-block-navigation-item__label\">Limba Italian\u0103<\/span><\/a><\/li><li class=\" wp-block-navigation-item is-style-default wp-block-navigation-link\"><a class=\"wp-block-navigation-item__content\"  href=\"https:\/\/dllr.lett.ubbcluj.ro\/?page_id=120\"><span class=\"wp-block-navigation-item__label\">Limba Spaniol\u0103<\/span><\/a><\/li><li class=\" wp-block-navigation-item is-style-default wp-block-navigation-link\"><a class=\"wp-block-navigation-item__content\"  href=\"https:\/\/dllr.lett.ubbcluj.ro\/?page_id=111\"><span class=\"wp-block-navigation-item__label\">Limba Portughez\u0103<\/span><\/a><\/li><\/ul>\n\t\t\t\t\t\t\t<\/div>\n\t\t\t\t\t\t<\/div>\n\t\t\t\t\t<\/div>\n\t\t\t\t<\/div><\/nav><\/div>\n\n\n\n<div class=\"wp-block-column is-vertically-aligned-top is-layout-flow wp-block-column-is-layout-flow\" style=\"flex-basis:66.66%\">\n<p class=\"has-contrast-color has-text-color has-link-color wp-elements-28a2cf027981b1017573b8e3656affdd\">Studiul limbii \u0219i literaturii italiene are o tradi\u021bie consolidat\u0103 la Universitatea din Cluj. Fondat\u0103 dup\u0103 1919 pe principii moderne \u0219i cu o voca\u021bie academic\u0103 european\u0103, prima catedr\u0103 de italian\u0103 de la Cluj f\u0103cea parte, \u00een perioada interbelic\u0103, din sec\u021bia de filologie a Facult\u0103\u021bii de Litere \u0219i Filozofie din cadrul universit\u0103\u021bii rom\u00e2ne\u0219ti \u201eRegele Ferdinand I\u201d al\u0103turi de catedrele de filologie clasic\u0103, filologie romanic\u0103, limba \u0219i literatura rom\u00e2n\u0103, maghiar\u0103, german\u0103, francez\u0103 \u0219i englez\u0103. Organizatorul \u0219i primul titular al catedrei a fost cunoscutul lingvist italian Giandomenico Serra (1885-1958) care a r\u0103mas la Cluj \u00eentre anii 1920-1939. Prin bogata sa activitate didactic\u0103 \u0219i de cercetare, sus\u021binut de lectorii de limb\u0103 italian\u0103 \u0219i de speciali\u0219ti din Italia \u0219i din Rom\u00e2nia, acesta a creat \u00een capitala cultural\u0103 a Transilvaniei o important\u0103 \u0219coal\u0103 de italienistic\u0103 ce \u00ee\u0219i va desf\u0103\u0219ura ne\u00eentrerupt activitatea p\u00e2n\u0103 \u00een zilele noastre. &nbsp;<\/p>\n\n\n\n<p class=\"has-contrast-color has-text-color has-link-color wp-elements-c5ef6808c360dca42b63adaa04e75d59\">Studen\u021bii care aprofundeaz\u0103 limba \u0219i literatura italian\u0103 la Facultatea de Litere din Cluj au la dispozi\u021bie pentru studiu \u0219i pentru practica profesional\u0103 o bibliotec\u0103 de specialitate din care nu lipsesc marile nume ale limbii \u0219i literaturii italiene, publica\u021biile \u0219tiin\u021bifice cele mai importante \u0219i mai ales cele mai moderne surse critice. Aceasta poart\u0103 numele profesorului Marian Papahagi (1948-1999), cunoscut om de \u0219tiin\u021b\u0103 care a ini\u021biat la Cluj, \u00een 1991, predarea limbii \u0219i literaturii italiene ca prim\u0103 specializare, a organizat un prim curs de master \u00een italienistic\u0103, a condus doctorate \u00een limba \u0219i literatura italian\u0103, a fondat \u0219i condus Departamentul de Limbi si Literaturi Romanice din cadrul Facult\u0103\u021bii de Litere reform\u00e2nd \u00een profunzime universitatea rom\u00e2neasc\u0103.<\/p>\n\n\n\n<div style=\"height:20px\" aria-hidden=\"true\" class=\"wp-block-spacer\"><\/div>\n\n\n\n<p class=\"has-contrast-color has-text-color has-link-color wp-elements-17268280a9c68b8e0917c6b0a89efe44\"><strong>Biblioteca italian<\/strong><strong>\u0103 \u201eMarian Papahagi\u201d<\/strong><\/p>\n\n\n\n<p class=\"has-contrast-color has-text-color has-link-color wp-elements-11b885ca738cd0119012e85adacba4fe\">Biblioteca italian\u0103 \u201eMarian Papahagi\u201d (etaj II, sala 207)&nbsp;din cadrul Catedrei de italian\u0103, gestionat\u0103 de studen\u021bi, sub \u00eendrumarea lect. dr. Delia Morar, pune la dispozi\u021bia studen\u021bilor \u0219i a cadrelor didactice interesate aproximativ 2500 de volume \u00een limba italian\u0103 provenite din dona\u021bii \u0219i fonduri private, c\u00e2t \u0219i din fondurile SEED. Colec\u021bia bibliotecii include opere literare, critic\u0103 literar\u0103, studii de lingvistic\u0103 \u0219i c\u0103r\u021bi dedicate literaturii, limbii, culturii \u0219i civiliza\u021biei italiene. Biblioteca este un loc de studiu \u0219i de practic\u0103 pentru studen\u021bi, oferindu-le ocazia de a se familiariza cu activitatea documentar\u0103 \u0219i biblioteconomic\u0103.&nbsp;<\/p>\n\n\n\n<p class=\"has-contrast-color has-text-color has-link-color wp-elements-589100a69c12cadf176b98a32ec57a27\">Parteneri Erasmus+: Universitatea Roma Tre, Universitatea Roma Sapienza, Universitatea Roma Tor Vergata, Universitatea din Bologna, Universitatea din Padova, Universitatea din Pisa, Universitatea din Torino, Universitatea din Perugia, Universitatea din Parma, Universitatea Napoli L\u2019Orientale, Universitatea din Cagliari, Universitatea din Palermo, Universitatea din Messina, Universitatea din Siena (per Stranieri), Universitatea din Macerata, Universitatea din Bergamo, Universitatea din Salerno<\/p>\n\n\n\n<div style=\"height:20px\" aria-hidden=\"true\" class=\"wp-block-spacer\"><\/div>\n\n\n\n<p class=\"has-contrast-color has-text-color has-link-color wp-elements-76b0d3de5132c85cbd5cd4b578ef1f4b\">Membri:<\/p>\n\n\n\n<p class=\"has-contrast-color has-text-color has-link-color wp-elements-67a04abefd698ae83a25cc047894b5fd\"><strong>conf. univ. dr. Monica Fekete (coordonator licen\u021b\u0103 limba \u0219i literatura italian\u0103, coordonator master CMM)&nbsp;<\/strong><\/p>\n\n\n\n<p class=\"has-contrast-color has-text-color has-link-color wp-elements-1a1b49775c114ae979f451d76f0f95b3\">Ofi\u021ber al Ordinului Stella d&#8217;Italia. Domenii de interes: literatur\u0103 italian\u0103 (Ev Mediu, Rena\u0219tere, epoca contemporan\u0103), revizitarea poemului cavaleresc \u00een proza contemporan\u0103, gr\u0103dina \u00een cultura \u0219i literatura italian\u0103, boala \u00een cultura \u0219i literatura italian\u0103, rela\u021biile culturale italo-rom\u00e2ne<\/p>\n\n\n\n<p class=\"has-contrast-color has-text-color has-link-color wp-elements-81e2e1c4631ade698e5dd1c30916856c\">email: <a href=\"mailto:monica.fekete@ubbcluj.ro\">monica.fekete@ubbcluj.ro<\/a><\/p>\n\n\n\n<p class=\"has-contrast-color has-text-color has-link-color wp-elements-4bd70fc576acd12f4f5efc4de6122932\"><a href=\"https:\/\/dllr.lett.ubbcluj.ro\/wp-content\/uploads\/2026\/01\/FeketeCV.pdf\" data-type=\"attachment\" data-id=\"289\">CV<\/a>&nbsp; <a href=\"https:\/\/dllr.lett.ubbcluj.ro\/wp-content\/uploads\/2026\/01\/FeketePub.pdf\" data-type=\"attachment\" data-id=\"290\">Lista publica\u021biilor<\/a><\/p>\n\n\n\n<div style=\"height:20px\" aria-hidden=\"true\" class=\"wp-block-spacer\"><\/div>\n\n\n\n<p class=\"has-contrast-color has-text-color has-link-color wp-elements-59609d107986c4137ccd7bbf8c195b3b\"><strong>lect. univ. dr. Delia Morar<\/strong><\/p>\n\n\n\n<p class=\"has-contrast-color has-text-color has-link-color wp-elements-102883ed647f3a1f6aa9bdb03fc95f41\">Domenii de interes: literatur\u0103 italian\u0103 modern\u0103 \u0219i contemporan\u0103, literatur\u0103 comparat\u0103, teatru \u0219i cinematografie<\/p>\n\n\n\n<p class=\"has-contrast-color has-text-color has-link-color wp-elements-48a7643445cd73d12adba550b7528d34\">email: <a href=\"mailto:delia.morar@ubbcluj.ro\">delia.morar@ubbcluj.ro<\/a><\/p>\n\n\n\n<p class=\"has-contrast-color has-text-color has-link-color wp-elements-28e71facc6b76e33d49e54fe6da62612\"><a href=\"https:\/\/dllr.lett.ubbcluj.ro\/wp-content\/uploads\/2026\/01\/MorarCV.pdf\" data-type=\"attachment\" data-id=\"301\">CV<\/a>&nbsp; <a href=\"https:\/\/dllr.lett.ubbcluj.ro\/wp-content\/uploads\/2026\/01\/MorarPub.pdf\" data-type=\"attachment\" data-id=\"302\">Lista publica\u021biilor<\/a><\/p>\n\n\n\n<div style=\"height:20px\" aria-hidden=\"true\" class=\"wp-block-spacer\"><\/div>\n\n\n\n<p class=\"has-contrast-color has-text-color has-link-color wp-elements-61ef5289b2bc8f35ff1729585090e315\"><strong>lect. univ. dr. Mirona Bence-Muk<\/strong><\/p>\n\n\n\n<p class=\"has-contrast-color has-text-color has-link-color wp-elements-c0c3c8d73be7d9964bb410083d65f780\">Domenii de interes: lingvistic\u0103 italian\u0103 (morfologie, sintax\u0103 \u0219i semantic\u0103), teoria \u0219i practica traducerii \u0219i semiotic\u0103 muzical\u0103<\/p>\n\n\n\n<p class=\"has-contrast-color has-text-color has-link-color wp-elements-e22e139968566cbc3292d852f313d300\">email: <a href=\"mailto:mirona.bence@ubbcluj.ro\">mirona.bence@ubbcluj.ro<\/a><\/p>\n\n\n\n<p class=\"has-contrast-color has-text-color has-link-color wp-elements-b447fcc0f4d25611476dd90159d6dbef\"><a href=\"https:\/\/dllr.lett.ubbcluj.ro\/wp-content\/uploads\/2026\/01\/BenceMukCV.pdf\" data-type=\"attachment\" data-id=\"281\">CV<\/a>&nbsp; <a href=\"https:\/\/dllr.lett.ubbcluj.ro\/wp-content\/uploads\/2026\/01\/BenceMukPub.pdf\" data-type=\"attachment\" data-id=\"282\">Lista publica\u021biilor<\/a><\/p>\n\n\n\n<div style=\"height:20px\" aria-hidden=\"true\" class=\"wp-block-spacer\"><\/div>\n\n\n\n<p class=\"has-contrast-color has-text-color has-link-color wp-elements-fe7908a4889ad3645a952fa017994430\"><strong>lect. univ. dr. Otilia \u0218tefania Damian<\/strong><\/p>\n\n\n\n<p class=\"has-contrast-color has-text-color has-link-color wp-elements-426c3212a14b8b2222f31948e02fd2ca\">Domenii de interes: literatura italian\u0103 (Umanism, Rena\u0219tere \u0219i secolul al XIX-lea), rela\u021biile culturale italo-rom\u00e2ne (epoca modern\u0103), teoria, practica \u0219i istoria traducerii, limbaje sectoriale<\/p>\n\n\n\n<p class=\"has-contrast-color has-text-color has-link-color wp-elements-5c07e0f5717edbabeea01ea1964f4fdb\">email: <a href=\"mailto:otilia.damian@ubbcluj.ro\">otilia.damian@ubbcluj.ro<\/a><\/p>\n\n\n\n<p class=\"has-contrast-color has-text-color has-link-color wp-elements-1e0bad258c19bf013fa4e504d9fa3741\"><a href=\"https:\/\/dllr.lett.ubbcluj.ro\/wp-content\/uploads\/2026\/01\/DamianCv.pdf\" data-type=\"attachment\" data-id=\"287\">CV<\/a>&nbsp; <a href=\"https:\/\/dllr.lett.ubbcluj.ro\/wp-content\/uploads\/2026\/01\/DamianPub.pdf\" data-type=\"attachment\" data-id=\"288\">Lista publica\u021biilor<\/a><\/p>\n\n\n\n<div style=\"height:20px\" aria-hidden=\"true\" class=\"wp-block-spacer\"><\/div>\n\n\n\n<p class=\"has-contrast-color has-text-color has-link-color wp-elements-2f1f87a24998f506f57f2b819326f0af\"><strong>Lector Italia Vito Pilade<\/strong><\/p>\n\n\n\n<p class=\"has-contrast-color has-text-color has-link-color wp-elements-2502ac15145ae9bc193309b822d5fbb7\">email: <a href=\"mailto:vito.pilade@ubbcluj.ro\">vito.pilade@ubbcluj.ro<\/a><\/p>\n\n\n\n<p><\/p>\n\n\n\n<p><a href=\"https:\/\/dllr.lett.ubbcluj.ro\/wp-content\/uploads\/2026\/01\/PiladeVitoCV.pdf\" data-type=\"attachment\" data-id=\"311\">CV<\/a> Lista Publica\u021biilor<\/p>\n\n\n\n<div style=\"height:30px\" aria-hidden=\"true\" class=\"wp-block-spacer\"><\/div>\n\n\n\n<p class=\"has-contrast-color has-text-color has-link-color wp-elements-d1bf17932e9f9399268691b6b77f351f\"><strong>Evenimente recente:<\/strong><\/p>\n\n\n\n<p class=\"has-contrast-color has-text-color has-link-color wp-elements-df01e5565aa88a7da67bf8dad4470abd\">Colocvii \u0219i conferin\u021be:<\/p>\n\n\n\n<ul class=\"wp-block-list\">\n<li class=\"has-contrast-color has-text-color has-link-color wp-elements-1af94b01e4380830d68848a066073977\">18 octombrie 2023 &#8211; Colocviul interna\u021bional <em>Raccontare Calvino, <\/em>Cluj-Napoca, organizat \u00een colaborare cu Institutul Italian de Cultur\u0103 Bucure\u0219ti, Cluj<\/li>\n\n\n\n<li class=\"has-contrast-color has-text-color has-link-color wp-elements-8b1baa597db4354849ecda6cb88af12e\">noiembrie 2020-iunie 2021 &#8211; Ciclu de conferin\u021be interna\u021bionale online <em>Dante 2021 &#8211; 700 anni dopo<\/em><\/li>\n<\/ul>\n\n\n\n<p class=\"has-contrast-color has-text-color has-link-color wp-elements-7bac9ece89a4e91d8462f0848eb1bddb\">Cursuri de formare pentru profesorii de italian\u0103 din \u021bar\u0103:<\/p>\n\n\n\n<ul class=\"wp-block-list\">\n<li class=\"has-contrast-color has-text-color has-link-color wp-elements-5ce3bbfdb86b02559699cc3b26548c40\"><em>L\u2019italiano che cambia: aspetti settoriali, ideologici, di genere. Strategie di scrittura e riscrittura, <\/em>18-24 mai 2022, Cluj. Formatori: Paolo D\u2019Achille (Pre\u0219edinte Accademia della Crusca, Universit\u00e0 Roma Tre); Claudio Giovanardi (Accademia della Crusca, Universit\u00e0 Roma Tre); Alberto Manco (Universit\u00e0 di Napoli l\u2019Orientale);<\/li>\n\n\n\n<li class=\"has-contrast-color has-text-color has-link-color wp-elements-0a2ab9a7af44ac6bf1254a10d68b48d9\"><em>La didattica della lingua e della letteratura in movimento. Metodologia, fonti digitali e piattaforme per una didattica digitalizzata performante<\/em>, 4-6 mai 2023, Cluj. Formatori: Mattia Santipolo (<strong>Universit\u00e0 din Padova) Francesca Malagnini \u0219i Floriana Calitti (Universit\u00e0 per Stranieri di Perugia);<\/strong><\/li>\n\n\n\n<li class=\"has-contrast-color has-text-color has-link-color wp-elements-d5207ebde7cd73743fb0dab87baec719\"><em>Creativit\u00e0 e innovazione nella comunicazione scritta e orale. Tecniche discorsive e metodi di produzione scritta<\/em>, 3-5 aprilie 2025. Formatori: Alessandro Perissinotto (Universit\u00e0 di Torino), Cristiana De Santis (Universit\u00e0 di Bologna), Fabio Rossi (Universit\u00e0 di Messina).<\/li>\n<\/ul>\n\n\n\n<div style=\"height:20px\" aria-hidden=\"true\" class=\"wp-block-spacer\"><\/div>\n\n\n\n<p class=\"has-contrast-color has-text-color has-link-color wp-elements-7ac154fa4dedd78179c2d66f08a64ee2\"><strong>Evenimente culturale:<\/strong><\/p>\n\n\n\n<ul class=\"wp-block-list\">\n<li class=\"has-contrast-color has-text-color has-link-color wp-elements-0c45180ebb260133119a96640afe598b\">Premiul Marian Papahagi (instituit de Centrul Cultural Italian din Cluj, Institutul Italian de Cultur\u0103 din Bucure\u015fti \u015fi UBB) \u2013 edi\u021bii recente 2022, 2024.<\/li>\n\n\n\n<li class=\"has-contrast-color has-text-color has-link-color wp-elements-0e57625fb608f61c52dc577603b552ef\">Prezentare de carte: <em>Raccontare Calvino<\/em>, a cura di Luigi Tassoni, Milly Curcio, Monica Fekete, Rubbettino, 2024 (\u00een colaborare cu Institutul Italian de Cultur\u0103 Bucure\u0219ti), 4 iunie 2025, Cluj. Au intervenit Laura Napolitano, Luigi Tassoni, Monica Fekete, Delia Morar.<\/li>\n\n\n\n<li class=\"has-contrast-color has-text-color has-link-color wp-elements-d35d8ada6068aa22cb41dbde6ed87ae5\">Prezentare de carte: Otilia Battaiola-Meragiu, <em>M\u0103rturii ilustrate ale italienilor emigra\u021bi \u00een jude\u021bul Tulcea <\/em>\/ <em>Testimonianze illustrate degli italiani emigrati nella contea di Tulcea, Romania<\/em>, Ecou Transilvan, 2024 (\u00een colaborare cu Consulatul onorific italian \u0219i Com.It.Es), 13 noiembrie 2024, Cluj. Au intervenit Massimo Novali, Luigi Calderoni, Otilia Battaiola-Meragiu, Monica Fekete.<\/li>\n\n\n\n<li class=\"has-contrast-color has-text-color has-link-color wp-elements-c3b487407f6fcc1573f8739a2841942a\">Prezentare de carte Milly Curcio, Luigi Tassoni, <em>Leonardo Sciascia. Confessioni di un investigatore <\/em>(Rubbettino, 2023), Cluj, 2023. Au interbenit Milly Curcio, Luigi Tassoni, Monica Fekete.<\/li>\n\n\n\n<li class=\"has-contrast-color has-text-color has-link-color wp-elements-470ac5c9a4e34152d0c9a62d9610bfdf\"><em>Settimana della Lingua Italiana nel Mondo<\/em>, octombrie 2022 \u2013 <em>L<\/em><em>\u2019italiano e i giovani: <\/em>Alberto Manco (Universit\u00e0 di Napoli l\u2019Orientale), <em>Il nuovo linguaggio dei giovani<\/em>; Vladimiro Bottone (scriitor), <em>La scrittura creativa e i giovani<\/em>;<\/li>\n\n\n\n<li class=\"has-contrast-color has-text-color has-link-color wp-elements-427db3af94c49975a489b1b22c1ea846\">Expozi\u021bie cu ocazia centenarului Calvino: <em>Excelen\u021be italiene: Ilustra\u021bii pentru Italo Calvino<\/em>, Galeria Paul Sima (\u00een colaborare cu Institutul Italian de Cultur\u0103 Bucure\u0219ti), 18-25 octombrie 2023.<\/li>\n\n\n\n<li class=\"has-contrast-color has-text-color has-link-color wp-elements-dfa32ceda755cea00c1a415a3301b1fa\">Dialog cu scriitorul Erri de Luca, <em>Si staccano cos\u00ec le foglie, i capelli, le gocce, le pagine<\/em>, noiembrie 2022.<\/li>\n<\/ul>\n<\/div>\n<\/div>\n\n\n\n<p><\/p>\n","protected":false},"excerpt":{"rendered":"<p>&nbsp;Limba \u0219i literatura italian\u0103 Studiul limbii \u0219i literaturii italiene are o tradi\u021bie consolidat\u0103 la Universitatea din Cluj. Fondat\u0103 dup\u0103 1919 pe principii moderne \u0219i cu o voca\u021bie academic\u0103 european\u0103, prima catedr\u0103 de italian\u0103 de la Cluj f\u0103cea parte, \u00een perioada interbelic\u0103, din sec\u021bia de filologie a Facult\u0103\u021bii de Litere \u0219i Filozofie din cadrul universit\u0103\u021bii rom\u00e2ne\u0219ti [&hellip;]<\/p>\n","protected":false},"author":2,"featured_media":0,"parent":0,"menu_order":7,"comment_status":"closed","ping_status":"closed","template":"page-no-title","meta":{"footnotes":""},"class_list":["post-109","page","type-page","status-publish","hentry"],"_links":{"self":[{"href":"https:\/\/dllr.lett.ubbcluj.ro\/index.php?rest_route=\/wp\/v2\/pages\/109","targetHints":{"allow":["GET"]}}],"collection":[{"href":"https:\/\/dllr.lett.ubbcluj.ro\/index.php?rest_route=\/wp\/v2\/pages"}],"about":[{"href":"https:\/\/dllr.lett.ubbcluj.ro\/index.php?rest_route=\/wp\/v2\/types\/page"}],"author":[{"embeddable":true,"href":"https:\/\/dllr.lett.ubbcluj.ro\/index.php?rest_route=\/wp\/v2\/users\/2"}],"replies":[{"embeddable":true,"href":"https:\/\/dllr.lett.ubbcluj.ro\/index.php?rest_route=%2Fwp%2Fv2%2Fcomments&post=109"}],"version-history":[{"count":7,"href":"https:\/\/dllr.lett.ubbcluj.ro\/index.php?rest_route=\/wp\/v2\/pages\/109\/revisions"}],"predecessor-version":[{"id":377,"href":"https:\/\/dllr.lett.ubbcluj.ro\/index.php?rest_route=\/wp\/v2\/pages\/109\/revisions\/377"}],"wp:attachment":[{"href":"https:\/\/dllr.lett.ubbcluj.ro\/index.php?rest_route=%2Fwp%2Fv2%2Fmedia&parent=109"}],"curies":[{"name":"wp","href":"https:\/\/api.w.org\/{rel}","templated":true}]}}