{"id":103,"date":"2026-01-12T13:06:26","date_gmt":"2026-01-12T13:06:26","guid":{"rendered":"https:\/\/dllr.lett.ubbcluj.ro\/?page_id=103"},"modified":"2026-01-14T11:02:30","modified_gmt":"2026-01-14T11:02:30","slug":"programe","status":"publish","type":"page","link":"https:\/\/dllr.lett.ubbcluj.ro\/?page_id=103","title":{"rendered":"Programe"},"content":{"rendered":"\n<h2 class=\"wp-block-heading is-style-default\"><strong>Programe<\/strong><\/h2>\n\n\n\n<div class=\"wp-block-columns are-vertically-aligned-top is-layout-flex wp-container-core-columns-is-layout-28f84493 wp-block-columns-is-layout-flex\">\n<div class=\"wp-block-column is-vertically-aligned-top is-layout-flow wp-block-column-is-layout-flow\" style=\"flex-basis:33.33%\"><nav class=\"is-responsive  is-vertical wp-block-navigation is-layout-flex wp-container-core-navigation-is-layout-fe9cc265 wp-block-navigation-is-layout-flex\" aria-label=\"roSecondaryNavigationTwo\" \n\t\t data-wp-interactive=\"core\/navigation\" data-wp-context='{\"overlayOpenedBy\":{\"click\":false,\"hover\":false,\"focus\":false},\"type\":\"overlay\",\"roleAttribute\":\"\",\"ariaLabel\":\"Menu\"}'><button aria-haspopup=\"dialog\" aria-label=\"Open menu\" class=\"wp-block-navigation__responsive-container-open\" \n\t\t\t\tdata-wp-on--click=\"actions.openMenuOnClick\"\n\t\t\t\tdata-wp-on--keydown=\"actions.handleMenuKeydown\"\n\t\t\t><svg width=\"24\" height=\"24\" xmlns=\"http:\/\/www.w3.org\/2000\/svg\" viewBox=\"0 0 24 24\" aria-hidden=\"true\" focusable=\"false\"><path d=\"M4 7.5h16v1.5H4z\"><\/path><path d=\"M4 15h16v1.5H4z\"><\/path><\/svg><\/button>\n\t\t\t\t<div class=\"wp-block-navigation__responsive-container\"  id=\"modal-1\" \n\t\t\t\tdata-wp-class--has-modal-open=\"state.isMenuOpen\"\n\t\t\t\tdata-wp-class--is-menu-open=\"state.isMenuOpen\"\n\t\t\t\tdata-wp-watch=\"callbacks.initMenu\"\n\t\t\t\tdata-wp-on--keydown=\"actions.handleMenuKeydown\"\n\t\t\t\tdata-wp-on--focusout=\"actions.handleMenuFocusout\"\n\t\t\t\ttabindex=\"-1\"\n\t\t\t>\n\t\t\t\t\t<div class=\"wp-block-navigation__responsive-close\" tabindex=\"-1\">\n\t\t\t\t\t\t<div class=\"wp-block-navigation__responsive-dialog\" \n\t\t\t\tdata-wp-bind--aria-modal=\"state.ariaModal\"\n\t\t\t\tdata-wp-bind--aria-label=\"state.ariaLabel\"\n\t\t\t\tdata-wp-bind--role=\"state.roleAttribute\"\n\t\t\t>\n\t\t\t\t\t\t\t<button aria-label=\"Close menu\" class=\"wp-block-navigation__responsive-container-close\" \n\t\t\t\tdata-wp-on--click=\"actions.closeMenuOnClick\"\n\t\t\t><svg xmlns=\"http:\/\/www.w3.org\/2000\/svg\" viewBox=\"0 0 24 24\" width=\"24\" height=\"24\" aria-hidden=\"true\" focusable=\"false\"><path d=\"m13.06 12 6.47-6.47-1.06-1.06L12 10.94 5.53 4.47 4.47 5.53 10.94 12l-6.47 6.47 1.06 1.06L12 13.06l6.47 6.47 1.06-1.06L13.06 12Z\"><\/path><\/svg><\/button>\n\t\t\t\t\t\t\t<div class=\"wp-block-navigation__responsive-container-content\" \n\t\t\t\tdata-wp-watch=\"callbacks.focusFirstElement\"\n\t\t\t id=\"modal-1-content\">\n\t\t\t\t\t\t\t\t<ul class=\"wp-block-navigation__container is-responsive  is-vertical wp-block-navigation\"><li class=\" wp-block-navigation-item wp-block-navigation-link\"><a class=\"wp-block-navigation-item__content\"  href=\"https:\/\/dllr.lett.ubbcluj.ro\/?page_id=114\"><span class=\"wp-block-navigation-item__label\">Licen\u021b\u0103<\/span><\/a><\/li><li class=\" wp-block-navigation-item wp-block-navigation-link\"><a class=\"wp-block-navigation-item__content\"  href=\"https:\/\/dllr.lett.ubbcluj.ro\/?page_id=116\"><span class=\"wp-block-navigation-item__label\">Master<\/span><\/a><\/li><li class=\" wp-block-navigation-item wp-block-navigation-link\"><a class=\"wp-block-navigation-item__content\"  href=\"https:\/\/dllr.lett.ubbcluj.ro\/?page_id=118\"><span class=\"wp-block-navigation-item__label\">Doctorat<\/span><\/a><\/li><\/ul>\n\t\t\t\t\t\t\t<\/div>\n\t\t\t\t\t\t<\/div>\n\t\t\t\t\t<\/div>\n\t\t\t\t<\/div><\/nav><\/div>\n\n\n\n<div class=\"wp-block-column is-vertically-aligned-top is-layout-flow wp-block-column-is-layout-flow\" style=\"flex-basis:66.66%\">\n<p class=\"has-contrast-color has-text-color has-link-color wp-elements-1d51805111b261bf4be75bc5009cbf5f\">Departamentul de Limbi Romanice ofer\u0103 programe de studii la nivel de licen\u021b\u0103, master \u0219i doctorat, structurate astfel \u00eenc\u00e2t s\u0103 asigure o formare academic\u0103 progresiv\u0103 \u0219i coerent\u0103 \u00een domeniul limbilor \u0219i culturilor romanice. Aceste programe sunt dedicate studen\u021bilor interesa\u021bi de aprofundarea competen\u021belor lingvistice, literare \u0219i culturale, precum \u0219i de dezvoltarea unor abilit\u0103\u021bi analitice \u0219i de cercetare.<\/p>\n\n\n\n<p class=\"has-contrast-color has-text-color has-link-color wp-elements-5305431347bf904ca992359026ba3c84\">Programele de <strong>licen\u021b\u0103<\/strong> ofer\u0103 o baz\u0103 solid\u0103 de cuno\u0219tin\u021be \u00een limba, literatura \u0219i cultura limbilor francez\u0103, italian\u0103, spaniol\u0103 \u0219i portughez\u0103, pun\u00e2nd accent pe formarea competen\u021belor de comunicare \u0219i pe \u00een\u021belegerea contextelor culturale specifice. Programele de <strong>master<\/strong> permit specializarea \u00eentr-un domeniu ales, aprofundarea cercet\u0103rii academice \u0219i dezvoltarea unor competen\u021be avansate, utile at\u00e2t \u00een mediul educa\u021bional, c\u00e2t \u0219i \u00een cel cultural sau profesional. Studiile de <strong>doctorat<\/strong> sunt orientate c\u0103tre cercetare \u0219tiin\u021bific\u0103 original\u0103, desf\u0103\u0219urat\u0103 sub \u00eendrumarea cadrelor didactice, \u0219i contribuie la dezvoltarea cunoa\u0219terii \u00een domeniul studiilor romanice.<\/p>\n\n\n\n<p class=\"has-contrast-color has-text-color has-link-color wp-elements-5d6ba8d12050f9d3436014fcc0c2a0a7\">Prin structura \u0219i con\u021binutul lor, programele departamentului urm\u0103resc s\u0103 r\u0103spund\u0103 standardelor academice actuale \u0219i s\u0103 preg\u0103teasc\u0103 absolven\u021bii pentru parcursuri profesionale diverse, \u00een contexte na\u021bionale \u0219i interna\u021bionale.<\/p>\n<\/div>\n<\/div>\n\n\n\n<p><\/p>\n","protected":false},"excerpt":{"rendered":"<p>Programe Departamentul de Limbi Romanice ofer\u0103 programe de studii la nivel de licen\u021b\u0103, master \u0219i doctorat, structurate astfel \u00eenc\u00e2t s\u0103 asigure o formare academic\u0103 progresiv\u0103 \u0219i coerent\u0103 \u00een domeniul limbilor \u0219i culturilor romanice. Aceste programe sunt dedicate studen\u021bilor interesa\u021bi de aprofundarea competen\u021belor lingvistice, literare \u0219i culturale, precum \u0219i de dezvoltarea unor abilit\u0103\u021bi analitice \u0219i de [&hellip;]<\/p>\n","protected":false},"author":2,"featured_media":0,"parent":0,"menu_order":13,"comment_status":"closed","ping_status":"closed","template":"ro-page","meta":{"footnotes":""},"class_list":["post-103","page","type-page","status-publish","hentry"],"_links":{"self":[{"href":"https:\/\/dllr.lett.ubbcluj.ro\/index.php?rest_route=\/wp\/v2\/pages\/103","targetHints":{"allow":["GET"]}}],"collection":[{"href":"https:\/\/dllr.lett.ubbcluj.ro\/index.php?rest_route=\/wp\/v2\/pages"}],"about":[{"href":"https:\/\/dllr.lett.ubbcluj.ro\/index.php?rest_route=\/wp\/v2\/types\/page"}],"author":[{"embeddable":true,"href":"https:\/\/dllr.lett.ubbcluj.ro\/index.php?rest_route=\/wp\/v2\/users\/2"}],"replies":[{"embeddable":true,"href":"https:\/\/dllr.lett.ubbcluj.ro\/index.php?rest_route=%2Fwp%2Fv2%2Fcomments&post=103"}],"version-history":[{"count":4,"href":"https:\/\/dllr.lett.ubbcluj.ro\/index.php?rest_route=\/wp\/v2\/pages\/103\/revisions"}],"predecessor-version":[{"id":321,"href":"https:\/\/dllr.lett.ubbcluj.ro\/index.php?rest_route=\/wp\/v2\/pages\/103\/revisions\/321"}],"wp:attachment":[{"href":"https:\/\/dllr.lett.ubbcluj.ro\/index.php?rest_route=%2Fwp%2Fv2%2Fmedia&parent=103"}],"curies":[{"name":"wp","href":"https:\/\/api.w.org\/{rel}","templated":true}]}}